{"id":31387,"date":"2025-10-01T10:58:30","date_gmt":"2025-10-01T10:58:30","guid":{"rendered":"https:\/\/fkpynappel.com\/?post_type=product&#038;p=31387"},"modified":"2026-02-13T11:43:40","modified_gmt":"2026-02-13T11:43:40","slug":"kruvaze-tasarim-ceket-elbise","status":"publish","type":"product","link":"https:\/\/fkpynappel.com\/en\/product\/kruvaze-tasarim-ceket-elbise\/","title":{"rendered":"KRUVAZE TASARIM CEKET ELB\u0130SE"},"content":{"rendered":"<p>12394 KRUVAZE TASARIM CEKET ELB\u0130SE<\/p>\n<p>RENK: GR\u0130<\/p>\n<p>KUMA\u015e KARI\u015eIMI:\u00a0 %65PES %32V\u0130S %3EA<\/p>\n<p>\u00dcR\u00dcN A\u00c7IKLAMASI: Katl\u0131 yaka, uzun kollu ve kolunda y\u0131rtma\u00e7l\u0131, s\u00fcs cepli, kruvaze kapama ve belinden ge\u00e7irmeli, arkas\u0131 d\u00fc\u011fme iliklemeli k\u0131sa ceket elbise.<\/p>\n<p>\u00d6L\u00c7\u00dcLER:<\/p>\n<p>Boy: 177cm<\/p>\n<p>G\u00f6\u011f\u00fcs: 82cm<\/p>\n<p>Bel:62cm<\/p>\n<p>Kal\u00e7a: 90cm<\/p>\n<p>Beden Da\u011f\u0131l\u0131m\u0131: S2-M1-L1<\/p>\n<p>\u00dcretim \u00dclkesi: T\u00fcrkiye<\/p>","protected":false},"excerpt":{"rendered":"<p>12394 KRUVAZE TASARIM CEKET ELB\u0130SE RENK: GR\u0130 KUMA\u015e KARI\u015eIMI:\u00a0 %65PES %32V\u0130S %3EA \u00dcR\u00dcN A\u00c7IKLAMASI: Katl\u0131 yaka, uzun kollu ve kolunda y\u0131rtma\u00e7l\u0131, s\u00fcs cepli, kruvaze kapama ve belinden ge\u00e7irmeli, arkas\u0131 d\u00fc\u011fme iliklemeli k\u0131sa ceket elbise. \u00d6L\u00c7\u00dcLER: Boy: 177cm G\u00f6\u011f\u00fcs: 82cm Bel:62cm Kal\u00e7a: 90cm Beden Da\u011f\u0131l\u0131m\u0131: S2-M1-L1 \u00dcretim \u00dclkesi: T\u00fcrkiye<\/p>","protected":false},"featured_media":31388,"template":"","meta":[],"product_brand":[],"product_cat":[43,25],"product_tag":[],"class_list":{"0":"post-31387","1":"product","2":"type-product","3":"status-publish","4":"has-post-thumbnail","6":"product_cat-2025-2026-sonbaharkis","7":"product_cat-elbise","9":"first","10":"instock","11":"taxable","12":"shipping-taxable","13":"product-type-simple"},"_links":{"self":[{"href":"https:\/\/fkpynappel.com\/en\/wp-json\/wp\/v2\/product\/31387","targetHints":{"allow":["GET"]}}],"collection":[{"href":"https:\/\/fkpynappel.com\/en\/wp-json\/wp\/v2\/product"}],"about":[{"href":"https:\/\/fkpynappel.com\/en\/wp-json\/wp\/v2\/types\/product"}],"wp:featuredmedia":[{"embeddable":true,"href":"https:\/\/fkpynappel.com\/en\/wp-json\/wp\/v2\/media\/31388"}],"wp:attachment":[{"href":"https:\/\/fkpynappel.com\/en\/wp-json\/wp\/v2\/media?parent=31387"}],"wp:term":[{"taxonomy":"product_brand","embeddable":true,"href":"https:\/\/fkpynappel.com\/en\/wp-json\/wp\/v2\/product_brand?post=31387"},{"taxonomy":"product_cat","embeddable":true,"href":"https:\/\/fkpynappel.com\/en\/wp-json\/wp\/v2\/product_cat?post=31387"},{"taxonomy":"product_tag","embeddable":true,"href":"https:\/\/fkpynappel.com\/en\/wp-json\/wp\/v2\/product_tag?post=31387"}],"curies":[{"name":"wp","href":"https:\/\/api.w.org\/{rel}","templated":true}]}}