{"id":31277,"date":"2025-08-15T08:49:48","date_gmt":"2025-08-15T08:49:48","guid":{"rendered":"https:\/\/fkpynappel.com\/?post_type=product&#038;p=31277"},"modified":"2025-10-01T05:47:30","modified_gmt":"2025-10-01T05:47:30","slug":"bag-detayli-islemeli-yelek-islemeli-duz-kesim-pantolon","status":"publish","type":"product","link":"https:\/\/fkpynappel.com\/en\/product\/bag-detayli-islemeli-yelek-islemeli-duz-kesim-pantolon\/","title":{"rendered":"BA\u011e DETAYLI \u0130\u015eLEMEL\u0130 YELEK-\u0130\u015eLEMEL\u0130 D\u00dcZ KES\u0130M PANTOLON"},"content":{"rendered":"<p>5465 BA\u011e DETAYLI \u0130\u015eLEMEL\u0130 YELEK<\/p>\n<p>1418 \u0130\u015eLEMEL\u0130 D\u00dcZ KES\u0130M PANTOLON<\/p>\n<p>CLASSIC VEST-HIGH WAIST CULOTTE PANTS S2-M2-L1<\/p>","protected":false},"excerpt":{"rendered":"<p>5465 BA\u011e DETAYLI \u0130\u015eLEMEL\u0130 YELEK 1418 \u0130\u015eLEMEL\u0130 D\u00dcZ KES\u0130M PANTOLON S2-M2-L1<\/p>","protected":false},"featured_media":31240,"template":"","meta":[],"product_brand":[],"product_cat":[22,40],"product_tag":[],"class_list":{"0":"post-31277","1":"product","2":"type-product","3":"status-publish","4":"has-post-thumbnail","6":"product_cat-2025-ilkbahar-yaz","7":"product_cat-takim","9":"first","10":"instock","11":"taxable","12":"shipping-taxable","13":"purchasable","14":"product-type-simple"},"_links":{"self":[{"href":"https:\/\/fkpynappel.com\/en\/wp-json\/wp\/v2\/product\/31277","targetHints":{"allow":["GET"]}}],"collection":[{"href":"https:\/\/fkpynappel.com\/en\/wp-json\/wp\/v2\/product"}],"about":[{"href":"https:\/\/fkpynappel.com\/en\/wp-json\/wp\/v2\/types\/product"}],"wp:featuredmedia":[{"embeddable":true,"href":"https:\/\/fkpynappel.com\/en\/wp-json\/wp\/v2\/media\/31240"}],"wp:attachment":[{"href":"https:\/\/fkpynappel.com\/en\/wp-json\/wp\/v2\/media?parent=31277"}],"wp:term":[{"taxonomy":"product_brand","embeddable":true,"href":"https:\/\/fkpynappel.com\/en\/wp-json\/wp\/v2\/product_brand?post=31277"},{"taxonomy":"product_cat","embeddable":true,"href":"https:\/\/fkpynappel.com\/en\/wp-json\/wp\/v2\/product_cat?post=31277"},{"taxonomy":"product_tag","embeddable":true,"href":"https:\/\/fkpynappel.com\/en\/wp-json\/wp\/v2\/product_tag?post=31277"}],"curies":[{"name":"wp","href":"https:\/\/api.w.org\/{rel}","templated":true}]}}