{"id":31275,"date":"2025-08-15T07:57:12","date_gmt":"2025-08-15T07:57:12","guid":{"rendered":"https:\/\/fkpynappel.com\/?post_type=product&#038;p=31275"},"modified":"2025-10-01T05:47:54","modified_gmt":"2025-10-01T05:47:54","slug":"boyundan-baglamali-brode-crop-midi-boy-kombin-brode-etek","status":"publish","type":"product","link":"https:\/\/fkpynappel.com\/en\/product\/boyundan-baglamali-brode-crop-midi-boy-kombin-brode-etek\/","title":{"rendered":"BOYUNDAN BA\u011eLAMALI BRODE CROP-M\u0130D\u0130 BOY KOMB\u0130N BRODE ETEK"},"content":{"rendered":"<p>3289 BOYUNDAN BA\u011eLAMALI BRODE CROP<\/p>\n<p>4563 M\u0130D\u0130 BOY KOMB\u0130N BRODE ETEK<\/p>\n<p>CLASSIC VEST-HIGH WAIST CULOTTE PANTS S2-M2-L1<\/p>","protected":false},"excerpt":{"rendered":"<p>3289 BOYUNDAN BA\u011eLAMALI BRODE CROP 4563 M\u0130D\u0130 BOY KOMB\u0130N BRODE ETEK S2-M2-L1<\/p>","protected":false},"featured_media":31260,"template":"","meta":[],"product_brand":[],"product_cat":[22,40],"product_tag":[],"class_list":{"0":"post-31275","1":"product","2":"type-product","3":"status-publish","4":"has-post-thumbnail","6":"product_cat-2025-ilkbahar-yaz","7":"product_cat-takim","9":"first","10":"instock","11":"taxable","12":"shipping-taxable","13":"purchasable","14":"product-type-simple"},"_links":{"self":[{"href":"https:\/\/fkpynappel.com\/en\/wp-json\/wp\/v2\/product\/31275","targetHints":{"allow":["GET"]}}],"collection":[{"href":"https:\/\/fkpynappel.com\/en\/wp-json\/wp\/v2\/product"}],"about":[{"href":"https:\/\/fkpynappel.com\/en\/wp-json\/wp\/v2\/types\/product"}],"wp:featuredmedia":[{"embeddable":true,"href":"https:\/\/fkpynappel.com\/en\/wp-json\/wp\/v2\/media\/31260"}],"wp:attachment":[{"href":"https:\/\/fkpynappel.com\/en\/wp-json\/wp\/v2\/media?parent=31275"}],"wp:term":[{"taxonomy":"product_brand","embeddable":true,"href":"https:\/\/fkpynappel.com\/en\/wp-json\/wp\/v2\/product_brand?post=31275"},{"taxonomy":"product_cat","embeddable":true,"href":"https:\/\/fkpynappel.com\/en\/wp-json\/wp\/v2\/product_cat?post=31275"},{"taxonomy":"product_tag","embeddable":true,"href":"https:\/\/fkpynappel.com\/en\/wp-json\/wp\/v2\/product_tag?post=31275"}],"curies":[{"name":"wp","href":"https:\/\/api.w.org\/{rel}","templated":true}]}}