{"id":31271,"date":"2025-08-15T07:25:47","date_gmt":"2025-08-15T07:25:47","guid":{"rendered":"https:\/\/fkpynappel.com\/?post_type=product&#038;p=31271"},"modified":"2025-10-01T05:49:15","modified_gmt":"2025-10-01T05:49:15","slug":"dugmeli-top-yelek-mini-sort","status":"publish","type":"product","link":"https:\/\/fkpynappel.com\/en\/product\/dugmeli-top-yelek-mini-sort\/","title":{"rendered":"D\u00dc\u011eMEL\u0130 TOP YELEK-M\u0130N\u0130 \u015eORT"},"content":{"rendered":"<p>5466 D\u00dc\u011eMEL\u0130 TOP YELEK<\/p>\n<p>9074 M\u0130N\u0130 \u015eORT<\/p>\n<p>CLASSIC VEST-HIGH WAIST CULOTTE PANTS S2-M2-L1<\/p>","protected":false},"excerpt":{"rendered":"<p>5466 D\u00dc\u011eMEL\u0130 TOP YELEK 9074 M\u0130N\u0130 \u015eORT S2-M2-L1<\/p>","protected":false},"featured_media":31262,"template":"","meta":[],"product_brand":[],"product_cat":[22,40],"product_tag":[],"class_list":{"0":"post-31271","1":"product","2":"type-product","3":"status-publish","4":"has-post-thumbnail","6":"product_cat-2025-ilkbahar-yaz","7":"product_cat-takim","9":"first","10":"instock","11":"taxable","12":"shipping-taxable","13":"purchasable","14":"product-type-simple"},"_links":{"self":[{"href":"https:\/\/fkpynappel.com\/en\/wp-json\/wp\/v2\/product\/31271","targetHints":{"allow":["GET"]}}],"collection":[{"href":"https:\/\/fkpynappel.com\/en\/wp-json\/wp\/v2\/product"}],"about":[{"href":"https:\/\/fkpynappel.com\/en\/wp-json\/wp\/v2\/types\/product"}],"wp:featuredmedia":[{"embeddable":true,"href":"https:\/\/fkpynappel.com\/en\/wp-json\/wp\/v2\/media\/31262"}],"wp:attachment":[{"href":"https:\/\/fkpynappel.com\/en\/wp-json\/wp\/v2\/media?parent=31271"}],"wp:term":[{"taxonomy":"product_brand","embeddable":true,"href":"https:\/\/fkpynappel.com\/en\/wp-json\/wp\/v2\/product_brand?post=31271"},{"taxonomy":"product_cat","embeddable":true,"href":"https:\/\/fkpynappel.com\/en\/wp-json\/wp\/v2\/product_cat?post=31271"},{"taxonomy":"product_tag","embeddable":true,"href":"https:\/\/fkpynappel.com\/en\/wp-json\/wp\/v2\/product_tag?post=31271"}],"curies":[{"name":"wp","href":"https:\/\/api.w.org\/{rel}","templated":true}]}}