{"id":31202,"date":"2025-08-09T08:09:00","date_gmt":"2025-08-09T08:09:00","guid":{"rendered":"https:\/\/fkpynappel.com\/?post_type=product&#038;p=31202"},"modified":"2026-04-13T16:19:38","modified_gmt":"2026-04-13T16:19:38","slug":"degaje-yaka-sirti-baglamali-bluz-beli-lastikli-duz-kesim-pantolon","status":"publish","type":"product","link":"https:\/\/fkpynappel.com\/en\/product\/degaje-yaka-sirti-baglamali-bluz-beli-lastikli-duz-kesim-pantolon\/","title":{"rendered":"DEGAJE YAKA SIRTI BA\u011eLAMALI BLUZ-BEL\u0130 LAST\u0130KL\u0130 D\u00dcZ KES\u0130M PANTOLON"},"content":{"rendered":"<p>3294 DEGAJE YAKA SIRTI BA\u011eLAMALI BLUZ<\/p>\n<p>1417 BEL\u0130 LAST\u0130KL\u0130 D\u00dcZ KES\u0130M PANTOLON<\/p>\n<p>CLASSIC VEST-HIGH WAIST CULOTTE PANTS S2-M2-L1<\/p>","protected":false},"excerpt":{"rendered":"<p>3294 DEGAJE YAKA SIRTI BA\u011eLAMALI BLUZ 1417 BEL\u0130 LAST\u0130KL\u0130 D\u00dcZ KES\u0130M PANTOLON S2-M2-L1<\/p>","protected":false},"featured_media":31192,"template":"","meta":[],"product_brand":[],"product_cat":[22,40],"product_tag":[],"class_list":{"0":"post-31202","1":"product","2":"type-product","3":"status-publish","4":"has-post-thumbnail","6":"product_cat-2025-ilkbahar-yaz","7":"product_cat-takim","9":"first","10":"instock","11":"taxable","12":"shipping-taxable","13":"purchasable","14":"product-type-simple"},"_links":{"self":[{"href":"https:\/\/fkpynappel.com\/en\/wp-json\/wp\/v2\/product\/31202","targetHints":{"allow":["GET"]}}],"collection":[{"href":"https:\/\/fkpynappel.com\/en\/wp-json\/wp\/v2\/product"}],"about":[{"href":"https:\/\/fkpynappel.com\/en\/wp-json\/wp\/v2\/types\/product"}],"wp:featuredmedia":[{"embeddable":true,"href":"https:\/\/fkpynappel.com\/en\/wp-json\/wp\/v2\/media\/31192"}],"wp:attachment":[{"href":"https:\/\/fkpynappel.com\/en\/wp-json\/wp\/v2\/media?parent=31202"}],"wp:term":[{"taxonomy":"product_brand","embeddable":true,"href":"https:\/\/fkpynappel.com\/en\/wp-json\/wp\/v2\/product_brand?post=31202"},{"taxonomy":"product_cat","embeddable":true,"href":"https:\/\/fkpynappel.com\/en\/wp-json\/wp\/v2\/product_cat?post=31202"},{"taxonomy":"product_tag","embeddable":true,"href":"https:\/\/fkpynappel.com\/en\/wp-json\/wp\/v2\/product_tag?post=31202"}],"curies":[{"name":"wp","href":"https:\/\/api.w.org\/{rel}","templated":true}]}}