{"id":31199,"date":"2025-08-09T08:01:24","date_gmt":"2025-08-09T08:01:24","guid":{"rendered":"https:\/\/fkpynappel.com\/?post_type=product&#038;p=31199"},"modified":"2026-04-06T07:37:32","modified_gmt":"2026-04-06T07:37:32","slug":"backer-midi-elbise","status":"publish","type":"product","link":"https:\/\/fkpynappel.com\/en\/product\/backer-midi-elbise\/","title":{"rendered":"BACKER M\u0130D\u0130 ELB\u0130SE"},"content":{"rendered":"<p>12379 BACKER M\u0130D\u0130 ELB\u0130SE<\/p>\n<p>-<\/p>","protected":false},"excerpt":{"rendered":"<p>12379 BACKER M\u0130D\u0130 ELB\u0130SE S2-M1-L1<\/p>","protected":false},"featured_media":31195,"template":"","meta":[],"product_brand":[],"product_cat":[22,25],"product_tag":[],"class_list":{"0":"post-31199","1":"product","2":"type-product","3":"status-publish","4":"has-post-thumbnail","6":"product_cat-2025-ilkbahar-yaz","7":"product_cat-elbise","9":"first","10":"instock","11":"taxable","12":"shipping-taxable","13":"product-type-simple"},"_links":{"self":[{"href":"https:\/\/fkpynappel.com\/en\/wp-json\/wp\/v2\/product\/31199","targetHints":{"allow":["GET"]}}],"collection":[{"href":"https:\/\/fkpynappel.com\/en\/wp-json\/wp\/v2\/product"}],"about":[{"href":"https:\/\/fkpynappel.com\/en\/wp-json\/wp\/v2\/types\/product"}],"wp:featuredmedia":[{"embeddable":true,"href":"https:\/\/fkpynappel.com\/en\/wp-json\/wp\/v2\/media\/31195"}],"wp:attachment":[{"href":"https:\/\/fkpynappel.com\/en\/wp-json\/wp\/v2\/media?parent=31199"}],"wp:term":[{"taxonomy":"product_brand","embeddable":true,"href":"https:\/\/fkpynappel.com\/en\/wp-json\/wp\/v2\/product_brand?post=31199"},{"taxonomy":"product_cat","embeddable":true,"href":"https:\/\/fkpynappel.com\/en\/wp-json\/wp\/v2\/product_cat?post=31199"},{"taxonomy":"product_tag","embeddable":true,"href":"https:\/\/fkpynappel.com\/en\/wp-json\/wp\/v2\/product_tag?post=31199"}],"curies":[{"name":"wp","href":"https:\/\/api.w.org\/{rel}","templated":true}]}}