{"id":31152,"date":"2025-08-02T09:15:48","date_gmt":"2025-08-02T09:15:48","guid":{"rendered":"https:\/\/fkpynappel.com\/?post_type=product&#038;p=31152"},"modified":"2025-10-01T05:50:33","modified_gmt":"2025-10-01T05:50:33","slug":"buzgulu-straplez-keten-midi-elbise","status":"publish","type":"product","link":"https:\/\/fkpynappel.com\/en\/product\/buzgulu-straplez-keten-midi-elbise\/","title":{"rendered":"B\u00dcZG\u00dcL\u00dc STRAPLEZ KETEN  M\u0130D\u0130 ELB\u0130SE"},"content":{"rendered":"<p>12381 B\u00dcZG\u00dcL\u00dc STRAPLEZ KETEN M\u0130D\u0130 ELB\u0130SE<\/p>\n<p>-<\/p>","protected":false},"excerpt":{"rendered":"<p>12381 B\u00dcZG\u00dcL\u00dc STRAPLEZ KETEN M\u0130D\u0130 ELB\u0130SE S2-M1-L1<\/p>","protected":false},"featured_media":31140,"template":"","meta":[],"product_brand":[],"product_cat":[22,25],"product_tag":[],"class_list":{"0":"post-31152","1":"product","2":"type-product","3":"status-publish","4":"has-post-thumbnail","6":"product_cat-2025-ilkbahar-yaz","7":"product_cat-elbise","9":"first","10":"instock","11":"taxable","12":"shipping-taxable","13":"purchasable","14":"product-type-simple"},"_links":{"self":[{"href":"https:\/\/fkpynappel.com\/en\/wp-json\/wp\/v2\/product\/31152","targetHints":{"allow":["GET"]}}],"collection":[{"href":"https:\/\/fkpynappel.com\/en\/wp-json\/wp\/v2\/product"}],"about":[{"href":"https:\/\/fkpynappel.com\/en\/wp-json\/wp\/v2\/types\/product"}],"wp:featuredmedia":[{"embeddable":true,"href":"https:\/\/fkpynappel.com\/en\/wp-json\/wp\/v2\/media\/31140"}],"wp:attachment":[{"href":"https:\/\/fkpynappel.com\/en\/wp-json\/wp\/v2\/media?parent=31152"}],"wp:term":[{"taxonomy":"product_brand","embeddable":true,"href":"https:\/\/fkpynappel.com\/en\/wp-json\/wp\/v2\/product_brand?post=31152"},{"taxonomy":"product_cat","embeddable":true,"href":"https:\/\/fkpynappel.com\/en\/wp-json\/wp\/v2\/product_cat?post=31152"},{"taxonomy":"product_tag","embeddable":true,"href":"https:\/\/fkpynappel.com\/en\/wp-json\/wp\/v2\/product_tag?post=31152"}],"curies":[{"name":"wp","href":"https:\/\/api.w.org\/{rel}","templated":true}]}}