{"id":31151,"date":"2025-08-02T09:13:06","date_gmt":"2025-08-02T09:13:06","guid":{"rendered":"https:\/\/fkpynappel.com\/?post_type=product&#038;p=31151"},"modified":"2025-10-01T05:55:14","modified_gmt":"2025-10-01T05:55:14","slug":"cupro-mini-elbise","status":"publish","type":"product","link":"https:\/\/fkpynappel.com\/en\/product\/cupro-mini-elbise\/","title":{"rendered":"CUPRO M\u0130N\u0130 ELB\u0130SE"},"content":{"rendered":"<p>12382 CUPRO M\u0130N\u0130 ELB\u0130SE<\/p>\n<p>-<\/p>","protected":false},"excerpt":{"rendered":"<p>12382 CUPRO M\u0130N\u0130 ELB\u0130SE S2-M1-L1<\/p>","protected":false},"featured_media":31132,"template":"","meta":[],"product_brand":[],"product_cat":[22,25],"product_tag":[],"class_list":{"0":"post-31151","1":"product","2":"type-product","3":"status-publish","4":"has-post-thumbnail","6":"product_cat-2025-ilkbahar-yaz","7":"product_cat-elbise","9":"first","10":"instock","11":"taxable","12":"shipping-taxable","13":"purchasable","14":"product-type-simple"},"_links":{"self":[{"href":"https:\/\/fkpynappel.com\/en\/wp-json\/wp\/v2\/product\/31151","targetHints":{"allow":["GET"]}}],"collection":[{"href":"https:\/\/fkpynappel.com\/en\/wp-json\/wp\/v2\/product"}],"about":[{"href":"https:\/\/fkpynappel.com\/en\/wp-json\/wp\/v2\/types\/product"}],"wp:featuredmedia":[{"embeddable":true,"href":"https:\/\/fkpynappel.com\/en\/wp-json\/wp\/v2\/media\/31132"}],"wp:attachment":[{"href":"https:\/\/fkpynappel.com\/en\/wp-json\/wp\/v2\/media?parent=31151"}],"wp:term":[{"taxonomy":"product_brand","embeddable":true,"href":"https:\/\/fkpynappel.com\/en\/wp-json\/wp\/v2\/product_brand?post=31151"},{"taxonomy":"product_cat","embeddable":true,"href":"https:\/\/fkpynappel.com\/en\/wp-json\/wp\/v2\/product_cat?post=31151"},{"taxonomy":"product_tag","embeddable":true,"href":"https:\/\/fkpynappel.com\/en\/wp-json\/wp\/v2\/product_tag?post=31151"}],"curies":[{"name":"wp","href":"https:\/\/api.w.org\/{rel}","templated":true}]}}