{"id":31124,"date":"2025-08-01T09:23:16","date_gmt":"2025-08-01T09:23:16","guid":{"rendered":"https:\/\/fkpynappel.com\/?post_type=product&#038;p=31124"},"modified":"2025-08-01T09:27:10","modified_gmt":"2025-08-01T09:27:10","slug":"alto-bustiyer-elbise","status":"publish","type":"product","link":"https:\/\/fkpynappel.com\/en\/product\/alto-bustiyer-elbise\/","title":{"rendered":"ALTO BUST\u0130YER ELB\u0130SE"},"content":{"rendered":"<p>12351 ALTO BUST\u0130YER ELB\u0130SE<\/p>\n<p>(KEMER DAH\u0130L DE\u011e\u0130LD\u0130R)<\/p>\n<p>-<\/p>","protected":false},"excerpt":{"rendered":"<p>12351 ALTO BUST\u0130YER ELB\u0130SE (KEMER DAH\u0130L DE\u011e\u0130LD\u0130R) S2-M1-L1<\/p>","protected":false},"featured_media":30864,"template":"","meta":[],"product_brand":[],"product_cat":[22,25],"product_tag":[],"class_list":{"0":"post-31124","1":"product","2":"type-product","3":"status-publish","4":"has-post-thumbnail","6":"product_cat-2025-ilkbahar-yaz","7":"product_cat-elbise","9":"first","10":"instock","11":"taxable","12":"shipping-taxable","13":"purchasable","14":"product-type-simple"},"_links":{"self":[{"href":"https:\/\/fkpynappel.com\/en\/wp-json\/wp\/v2\/product\/31124","targetHints":{"allow":["GET"]}}],"collection":[{"href":"https:\/\/fkpynappel.com\/en\/wp-json\/wp\/v2\/product"}],"about":[{"href":"https:\/\/fkpynappel.com\/en\/wp-json\/wp\/v2\/types\/product"}],"wp:featuredmedia":[{"embeddable":true,"href":"https:\/\/fkpynappel.com\/en\/wp-json\/wp\/v2\/media\/30864"}],"wp:attachment":[{"href":"https:\/\/fkpynappel.com\/en\/wp-json\/wp\/v2\/media?parent=31124"}],"wp:term":[{"taxonomy":"product_brand","embeddable":true,"href":"https:\/\/fkpynappel.com\/en\/wp-json\/wp\/v2\/product_brand?post=31124"},{"taxonomy":"product_cat","embeddable":true,"href":"https:\/\/fkpynappel.com\/en\/wp-json\/wp\/v2\/product_cat?post=31124"},{"taxonomy":"product_tag","embeddable":true,"href":"https:\/\/fkpynappel.com\/en\/wp-json\/wp\/v2\/product_tag?post=31124"}],"curies":[{"name":"wp","href":"https:\/\/api.w.org\/{rel}","templated":true}]}}