{"id":31120,"date":"2025-08-01T08:35:12","date_gmt":"2025-08-01T08:35:12","guid":{"rendered":"https:\/\/fkpynappel.com\/?post_type=product&#038;p=31120"},"modified":"2025-08-01T08:39:56","modified_gmt":"2025-08-01T08:39:56","slug":"godeli-kisa-straplez-elbise","status":"publish","type":"product","link":"https:\/\/fkpynappel.com\/en\/product\/godeli-kisa-straplez-elbise\/","title":{"rendered":"GODEL\u0130 KISA STRAPLEZ ELB\u0130SE"},"content":{"rendered":"<p>12346 GODEL\u0130 KISA STRAPLEZ ELB\u0130SE<\/p>\n<p>-<\/p>","protected":false},"excerpt":{"rendered":"<p>12346 GODEL\u0130 KISA STRAPLEZ ELB\u0130SE S2-M1-L1<\/p>","protected":false},"featured_media":30852,"template":"","meta":[],"product_brand":[],"product_cat":[22,25],"product_tag":[],"class_list":{"0":"post-31120","1":"product","2":"type-product","3":"status-publish","4":"has-post-thumbnail","6":"product_cat-2025-ilkbahar-yaz","7":"product_cat-elbise","9":"first","10":"instock","11":"taxable","12":"shipping-taxable","13":"purchasable","14":"product-type-simple"},"_links":{"self":[{"href":"https:\/\/fkpynappel.com\/en\/wp-json\/wp\/v2\/product\/31120","targetHints":{"allow":["GET"]}}],"collection":[{"href":"https:\/\/fkpynappel.com\/en\/wp-json\/wp\/v2\/product"}],"about":[{"href":"https:\/\/fkpynappel.com\/en\/wp-json\/wp\/v2\/types\/product"}],"wp:featuredmedia":[{"embeddable":true,"href":"https:\/\/fkpynappel.com\/en\/wp-json\/wp\/v2\/media\/30852"}],"wp:attachment":[{"href":"https:\/\/fkpynappel.com\/en\/wp-json\/wp\/v2\/media?parent=31120"}],"wp:term":[{"taxonomy":"product_brand","embeddable":true,"href":"https:\/\/fkpynappel.com\/en\/wp-json\/wp\/v2\/product_brand?post=31120"},{"taxonomy":"product_cat","embeddable":true,"href":"https:\/\/fkpynappel.com\/en\/wp-json\/wp\/v2\/product_cat?post=31120"},{"taxonomy":"product_tag","embeddable":true,"href":"https:\/\/fkpynappel.com\/en\/wp-json\/wp\/v2\/product_tag?post=31120"}],"curies":[{"name":"wp","href":"https:\/\/api.w.org\/{rel}","templated":true}]}}