{"id":31117,"date":"2025-08-01T08:10:45","date_gmt":"2025-08-01T08:10:45","guid":{"rendered":"https:\/\/fkpynappel.com\/?post_type=product&#038;p=31117"},"modified":"2025-08-01T08:14:26","modified_gmt":"2025-08-01T08:14:26","slug":"dugme-detayli-tek-kol-bluz-pileli-mini-etek","status":"publish","type":"product","link":"https:\/\/fkpynappel.com\/en\/product\/dugme-detayli-tek-kol-bluz-pileli-mini-etek\/","title":{"rendered":"D\u00dc\u011eME DETAYLI TEK KOL BLUZ-P\u0130LEL\u0130 M\u0130N\u0130 ETEK"},"content":{"rendered":"<p>5450 D\u00dc\u011eME DETAYLI TEK KOL BLUZ<\/p>\n<p>4550 P\u0130LEL\u0130 M\u0130N\u0130 ETEK<\/p>\n<p>CLASSIC VEST-HIGH WAIST CULOTTE PANTS S2-M2-L1<\/p>","protected":false},"excerpt":{"rendered":"<p>5450 D\u00dc\u011eME DETAYLI TEK KOL BLUZ 4550 P\u0130LEL\u0130 M\u0130N\u0130 ETEK S2-M2-L1<\/p>","protected":false},"featured_media":30986,"template":"","meta":[],"product_brand":[],"product_cat":[22,40],"product_tag":[],"class_list":{"0":"post-31117","1":"product","2":"type-product","3":"status-publish","4":"has-post-thumbnail","6":"product_cat-2025-ilkbahar-yaz","7":"product_cat-takim","9":"first","10":"instock","11":"taxable","12":"shipping-taxable","13":"purchasable","14":"product-type-simple"},"_links":{"self":[{"href":"https:\/\/fkpynappel.com\/en\/wp-json\/wp\/v2\/product\/31117","targetHints":{"allow":["GET"]}}],"collection":[{"href":"https:\/\/fkpynappel.com\/en\/wp-json\/wp\/v2\/product"}],"about":[{"href":"https:\/\/fkpynappel.com\/en\/wp-json\/wp\/v2\/types\/product"}],"wp:featuredmedia":[{"embeddable":true,"href":"https:\/\/fkpynappel.com\/en\/wp-json\/wp\/v2\/media\/30986"}],"wp:attachment":[{"href":"https:\/\/fkpynappel.com\/en\/wp-json\/wp\/v2\/media?parent=31117"}],"wp:term":[{"taxonomy":"product_brand","embeddable":true,"href":"https:\/\/fkpynappel.com\/en\/wp-json\/wp\/v2\/product_brand?post=31117"},{"taxonomy":"product_cat","embeddable":true,"href":"https:\/\/fkpynappel.com\/en\/wp-json\/wp\/v2\/product_cat?post=31117"},{"taxonomy":"product_tag","embeddable":true,"href":"https:\/\/fkpynappel.com\/en\/wp-json\/wp\/v2\/product_tag?post=31117"}],"curies":[{"name":"wp","href":"https:\/\/api.w.org\/{rel}","templated":true}]}}