{"id":31109,"date":"2025-08-01T07:13:55","date_gmt":"2025-08-01T07:13:55","guid":{"rendered":"https:\/\/fkpynappel.com\/?post_type=product&#038;p=31109"},"modified":"2025-08-01T07:17:15","modified_gmt":"2025-08-01T07:17:15","slug":"halter-yaka-etegi-volanli-bluz","status":"publish","type":"product","link":"https:\/\/fkpynappel.com\/en\/product\/halter-yaka-etegi-volanli-bluz\/","title":{"rendered":"HALTER YAKA ETE\u011e\u0130 VOLANLI BLUZ"},"content":{"rendered":"<p>3277 HALTER YAKA ETE\u011e\u0130 VOLANLI BLUZ<\/p>\n<p>-<\/p>","protected":false},"excerpt":{"rendered":"<p>3277 HALTER YAKA ETE\u011e\u0130 VOLANLI BLUZ S2-M1-L1<\/p>","protected":false},"featured_media":30815,"template":"","meta":[],"product_brand":[],"product_cat":[22,42],"product_tag":[],"class_list":{"0":"post-31109","1":"product","2":"type-product","3":"status-publish","4":"has-post-thumbnail","6":"product_cat-2025-ilkbahar-yaz","7":"product_cat-bluz","9":"first","10":"instock","11":"taxable","12":"shipping-taxable","13":"purchasable","14":"product-type-simple"},"_links":{"self":[{"href":"https:\/\/fkpynappel.com\/en\/wp-json\/wp\/v2\/product\/31109","targetHints":{"allow":["GET"]}}],"collection":[{"href":"https:\/\/fkpynappel.com\/en\/wp-json\/wp\/v2\/product"}],"about":[{"href":"https:\/\/fkpynappel.com\/en\/wp-json\/wp\/v2\/types\/product"}],"wp:featuredmedia":[{"embeddable":true,"href":"https:\/\/fkpynappel.com\/en\/wp-json\/wp\/v2\/media\/30815"}],"wp:attachment":[{"href":"https:\/\/fkpynappel.com\/en\/wp-json\/wp\/v2\/media?parent=31109"}],"wp:term":[{"taxonomy":"product_brand","embeddable":true,"href":"https:\/\/fkpynappel.com\/en\/wp-json\/wp\/v2\/product_brand?post=31109"},{"taxonomy":"product_cat","embeddable":true,"href":"https:\/\/fkpynappel.com\/en\/wp-json\/wp\/v2\/product_cat?post=31109"},{"taxonomy":"product_tag","embeddable":true,"href":"https:\/\/fkpynappel.com\/en\/wp-json\/wp\/v2\/product_tag?post=31109"}],"curies":[{"name":"wp","href":"https:\/\/api.w.org\/{rel}","templated":true}]}}