{"id":31107,"date":"2025-08-01T06:58:46","date_gmt":"2025-08-01T06:58:46","guid":{"rendered":"https:\/\/fkpynappel.com\/?post_type=product&#038;p=31107"},"modified":"2025-08-01T07:18:11","modified_gmt":"2025-08-01T07:18:11","slug":"boyundan-baglamali-crop-bluz-kapak-cepli-midi-boy-etek","status":"publish","type":"product","link":"https:\/\/fkpynappel.com\/en\/product\/boyundan-baglamali-crop-bluz-kapak-cepli-midi-boy-etek\/","title":{"rendered":"BOYUNDAN BA\u011eLAMALI CROP BLUZ-KAPAK CEPL\u0130 M\u0130D\u0130 BOY ETEK"},"content":{"rendered":"<p>3274 BOYUNDAN BA\u011eLAMALI CROP BLUZ<\/p>\n<p>4557 KAPAK CEPL\u0130 M\u0130D\u0130 BOY ETEK<\/p>\n<p>CLASSIC VEST-HIGH WAIST CULOTTE PANTS S2-M2-L1<\/p>","protected":false},"excerpt":{"rendered":"<p>3274 BOYUNDAN BA\u011eLAMALI CROP BLUZ 4557 KAPAK CEPL\u0130 M\u0130D\u0130 BOY ETEK S2-M2-L1<\/p>","protected":false},"featured_media":30811,"template":"","meta":[],"product_brand":[],"product_cat":[22,40],"product_tag":[],"class_list":{"0":"post-31107","1":"product","2":"type-product","3":"status-publish","4":"has-post-thumbnail","6":"product_cat-2025-ilkbahar-yaz","7":"product_cat-takim","9":"first","10":"instock","11":"taxable","12":"shipping-taxable","13":"purchasable","14":"product-type-simple"},"_links":{"self":[{"href":"https:\/\/fkpynappel.com\/en\/wp-json\/wp\/v2\/product\/31107","targetHints":{"allow":["GET"]}}],"collection":[{"href":"https:\/\/fkpynappel.com\/en\/wp-json\/wp\/v2\/product"}],"about":[{"href":"https:\/\/fkpynappel.com\/en\/wp-json\/wp\/v2\/types\/product"}],"wp:featuredmedia":[{"embeddable":true,"href":"https:\/\/fkpynappel.com\/en\/wp-json\/wp\/v2\/media\/30811"}],"wp:attachment":[{"href":"https:\/\/fkpynappel.com\/en\/wp-json\/wp\/v2\/media?parent=31107"}],"wp:term":[{"taxonomy":"product_brand","embeddable":true,"href":"https:\/\/fkpynappel.com\/en\/wp-json\/wp\/v2\/product_brand?post=31107"},{"taxonomy":"product_cat","embeddable":true,"href":"https:\/\/fkpynappel.com\/en\/wp-json\/wp\/v2\/product_cat?post=31107"},{"taxonomy":"product_tag","embeddable":true,"href":"https:\/\/fkpynappel.com\/en\/wp-json\/wp\/v2\/product_tag?post=31107"}],"curies":[{"name":"wp","href":"https:\/\/api.w.org\/{rel}","templated":true}]}}