{"id":31102,"date":"2025-08-01T06:39:57","date_gmt":"2025-08-01T06:39:57","guid":{"rendered":"https:\/\/fkpynappel.com\/?post_type=product&#038;p=31102"},"modified":"2025-08-01T07:19:14","modified_gmt":"2025-08-01T07:19:14","slug":"sirt-dekolteli-bluz-duz-kesim-pantolon","status":"publish","type":"product","link":"https:\/\/fkpynappel.com\/en\/product\/sirt-dekolteli-bluz-duz-kesim-pantolon\/","title":{"rendered":"SIRT DEKOLTEL\u0130 BLUZ-D\u00dcZ KES\u0130M PANTOLON"},"content":{"rendered":"<p>3273 SIRT DEKOLTEL\u0130 BLUZ<\/p>\n<p>1405 D\u00dcZ KES\u0130M PANTOLON<\/p>\n<p>CLASSIC VEST-HIGH WAIST CULOTTE PANTS S2-M2-L1<\/p>","protected":false},"excerpt":{"rendered":"<p>3273 SIRT DEKOLTEL\u0130 BLUZ 1405 D\u00dcZ KES\u0130M PANTOLON S2-M2-L1<\/p>","protected":false},"featured_media":30795,"template":"","meta":[],"product_brand":[],"product_cat":[22,40],"product_tag":[],"class_list":{"0":"post-31102","1":"product","2":"type-product","3":"status-publish","4":"has-post-thumbnail","6":"product_cat-2025-ilkbahar-yaz","7":"product_cat-takim","9":"first","10":"instock","11":"taxable","12":"shipping-taxable","13":"purchasable","14":"product-type-simple"},"_links":{"self":[{"href":"https:\/\/fkpynappel.com\/en\/wp-json\/wp\/v2\/product\/31102","targetHints":{"allow":["GET"]}}],"collection":[{"href":"https:\/\/fkpynappel.com\/en\/wp-json\/wp\/v2\/product"}],"about":[{"href":"https:\/\/fkpynappel.com\/en\/wp-json\/wp\/v2\/types\/product"}],"wp:featuredmedia":[{"embeddable":true,"href":"https:\/\/fkpynappel.com\/en\/wp-json\/wp\/v2\/media\/30795"}],"wp:attachment":[{"href":"https:\/\/fkpynappel.com\/en\/wp-json\/wp\/v2\/media?parent=31102"}],"wp:term":[{"taxonomy":"product_brand","embeddable":true,"href":"https:\/\/fkpynappel.com\/en\/wp-json\/wp\/v2\/product_brand?post=31102"},{"taxonomy":"product_cat","embeddable":true,"href":"https:\/\/fkpynappel.com\/en\/wp-json\/wp\/v2\/product_cat?post=31102"},{"taxonomy":"product_tag","embeddable":true,"href":"https:\/\/fkpynappel.com\/en\/wp-json\/wp\/v2\/product_tag?post=31102"}],"curies":[{"name":"wp","href":"https:\/\/api.w.org\/{rel}","templated":true}]}}