{"id":31101,"date":"2025-08-01T06:32:04","date_gmt":"2025-08-01T06:32:04","guid":{"rendered":"https:\/\/fkpynappel.com\/?post_type=product&#038;p=31101"},"modified":"2025-08-01T06:36:01","modified_gmt":"2025-08-01T06:36:01","slug":"cepli-poplin-gomlek","status":"publish","type":"product","link":"https:\/\/fkpynappel.com\/en\/product\/cepli-poplin-gomlek\/","title":{"rendered":"CEPL\u0130 POPL\u0130N G\u00d6MLEK"},"content":{"rendered":"<p>2449 CEPL\u0130 POPL\u0130N G\u00d6MLEK<\/p>\n<p>-<\/p>","protected":false},"excerpt":{"rendered":"<p>2449 CEPL\u0130 POPL\u0130N G\u00d6MLEK S2-M1-L1<\/p>","protected":false},"featured_media":30792,"template":"","meta":[],"product_brand":[],"product_cat":[22,32],"product_tag":[],"class_list":{"0":"post-31101","1":"product","2":"type-product","3":"status-publish","4":"has-post-thumbnail","6":"product_cat-2025-ilkbahar-yaz","7":"product_cat-gomlek","9":"first","10":"instock","11":"taxable","12":"shipping-taxable","13":"purchasable","14":"product-type-simple"},"_links":{"self":[{"href":"https:\/\/fkpynappel.com\/en\/wp-json\/wp\/v2\/product\/31101","targetHints":{"allow":["GET"]}}],"collection":[{"href":"https:\/\/fkpynappel.com\/en\/wp-json\/wp\/v2\/product"}],"about":[{"href":"https:\/\/fkpynappel.com\/en\/wp-json\/wp\/v2\/types\/product"}],"wp:featuredmedia":[{"embeddable":true,"href":"https:\/\/fkpynappel.com\/en\/wp-json\/wp\/v2\/media\/30792"}],"wp:attachment":[{"href":"https:\/\/fkpynappel.com\/en\/wp-json\/wp\/v2\/media?parent=31101"}],"wp:term":[{"taxonomy":"product_brand","embeddable":true,"href":"https:\/\/fkpynappel.com\/en\/wp-json\/wp\/v2\/product_brand?post=31101"},{"taxonomy":"product_cat","embeddable":true,"href":"https:\/\/fkpynappel.com\/en\/wp-json\/wp\/v2\/product_cat?post=31101"},{"taxonomy":"product_tag","embeddable":true,"href":"https:\/\/fkpynappel.com\/en\/wp-json\/wp\/v2\/product_tag?post=31101"}],"curies":[{"name":"wp","href":"https:\/\/api.w.org\/{rel}","templated":true}]}}