{"id":30954,"date":"2025-07-29T07:31:28","date_gmt":"2025-07-29T07:31:28","guid":{"rendered":"https:\/\/fkpynappel.com\/?post_type=product&#038;p=30954"},"modified":"2025-10-01T05:55:22","modified_gmt":"2025-10-01T05:55:22","slug":"sifon-bluz-sifon-midi-etek","status":"publish","type":"product","link":"https:\/\/fkpynappel.com\/en\/product\/sifon-bluz-sifon-midi-etek\/","title":{"rendered":"\u015e\u0130FON BLUZ-\u015e\u0130FON M\u0130D\u0130 ETEK"},"content":{"rendered":"<p>3292 \u015e\u0130FON BLUZ<\/p>\n<p>4564 \u015e\u0130FON M\u0130D\u0130 ETEK<\/p>\n<p>CLASSIC VEST-HIGH WAIST CULOTTE PANTS S2-M2-L1<\/p>","protected":false},"excerpt":{"rendered":"<p>3292 \u015e\u0130FON BLUZ 4564 \u015e\u0130FON M\u0130D\u0130 ETEK S2-M2-L1<\/p>","protected":false},"featured_media":30711,"template":"","meta":[],"product_brand":[],"product_cat":[22,40],"product_tag":[],"class_list":{"0":"post-30954","1":"product","2":"type-product","3":"status-publish","4":"has-post-thumbnail","6":"product_cat-2025-ilkbahar-yaz","7":"product_cat-takim","9":"first","10":"instock","11":"taxable","12":"shipping-taxable","13":"purchasable","14":"product-type-simple"},"_links":{"self":[{"href":"https:\/\/fkpynappel.com\/en\/wp-json\/wp\/v2\/product\/30954","targetHints":{"allow":["GET"]}}],"collection":[{"href":"https:\/\/fkpynappel.com\/en\/wp-json\/wp\/v2\/product"}],"about":[{"href":"https:\/\/fkpynappel.com\/en\/wp-json\/wp\/v2\/types\/product"}],"wp:featuredmedia":[{"embeddable":true,"href":"https:\/\/fkpynappel.com\/en\/wp-json\/wp\/v2\/media\/30711"}],"wp:attachment":[{"href":"https:\/\/fkpynappel.com\/en\/wp-json\/wp\/v2\/media?parent=30954"}],"wp:term":[{"taxonomy":"product_brand","embeddable":true,"href":"https:\/\/fkpynappel.com\/en\/wp-json\/wp\/v2\/product_brand?post=30954"},{"taxonomy":"product_cat","embeddable":true,"href":"https:\/\/fkpynappel.com\/en\/wp-json\/wp\/v2\/product_cat?post=30954"},{"taxonomy":"product_tag","embeddable":true,"href":"https:\/\/fkpynappel.com\/en\/wp-json\/wp\/v2\/product_tag?post=30954"}],"curies":[{"name":"wp","href":"https:\/\/api.w.org\/{rel}","templated":true}]}}