{"id":30912,"date":"2025-07-19T13:39:15","date_gmt":"2025-07-19T13:39:15","guid":{"rendered":"https:\/\/fkpynappel.com\/?post_type=product&#038;p=30912"},"modified":"2026-04-20T09:30:17","modified_gmt":"2026-04-20T09:30:17","slug":"tek-omuz-midi-boy-elbise","status":"publish","type":"product","link":"https:\/\/fkpynappel.com\/en\/product\/tek-omuz-midi-boy-elbise\/","title":{"rendered":"TEK OMUZ M\u0130D\u0130 BOY ELB\u0130SE"},"content":{"rendered":"<p>12154 TEK OMUZ M\u0130D\u0130 BOY ELB\u0130SE<\/p>\n<p>CLASSIC VEST-HIGH WAIST CULOTTE PANTS S2-M2-L1<\/p>\n<p>&nbsp;<\/p>","protected":false},"excerpt":{"rendered":"<p>12154 TEK OMUZ M\u0130D\u0130 BOY ELB\u0130SE S2-M2-L1 &nbsp;<\/p>","protected":false},"featured_media":30725,"template":"","meta":[],"product_brand":[],"product_cat":[22,25],"product_tag":[],"class_list":{"0":"post-30912","1":"product","2":"type-product","3":"status-publish","4":"has-post-thumbnail","6":"product_cat-2025-ilkbahar-yaz","7":"product_cat-elbise","9":"first","10":"instock","11":"taxable","12":"shipping-taxable","13":"purchasable","14":"product-type-simple"},"_links":{"self":[{"href":"https:\/\/fkpynappel.com\/en\/wp-json\/wp\/v2\/product\/30912","targetHints":{"allow":["GET"]}}],"collection":[{"href":"https:\/\/fkpynappel.com\/en\/wp-json\/wp\/v2\/product"}],"about":[{"href":"https:\/\/fkpynappel.com\/en\/wp-json\/wp\/v2\/types\/product"}],"wp:featuredmedia":[{"embeddable":true,"href":"https:\/\/fkpynappel.com\/en\/wp-json\/wp\/v2\/media\/30725"}],"wp:attachment":[{"href":"https:\/\/fkpynappel.com\/en\/wp-json\/wp\/v2\/media?parent=30912"}],"wp:term":[{"taxonomy":"product_brand","embeddable":true,"href":"https:\/\/fkpynappel.com\/en\/wp-json\/wp\/v2\/product_brand?post=30912"},{"taxonomy":"product_cat","embeddable":true,"href":"https:\/\/fkpynappel.com\/en\/wp-json\/wp\/v2\/product_cat?post=30912"},{"taxonomy":"product_tag","embeddable":true,"href":"https:\/\/fkpynappel.com\/en\/wp-json\/wp\/v2\/product_tag?post=30912"}],"curies":[{"name":"wp","href":"https:\/\/api.w.org\/{rel}","templated":true}]}}