{"id":30911,"date":"2025-07-19T13:34:32","date_gmt":"2025-07-19T13:34:32","guid":{"rendered":"https:\/\/fkpynappel.com\/?post_type=product&#038;p=30911"},"modified":"2025-10-01T05:57:00","modified_gmt":"2025-10-01T05:57:00","slug":"fit-kalip-pamuk-yelek-bermuda-pamuk-sort","status":"publish","type":"product","link":"https:\/\/fkpynappel.com\/en\/product\/fit-kalip-pamuk-yelek-bermuda-pamuk-sort\/","title":{"rendered":"F\u0130T KALIP PAMUK YELEK-BERMUDA PAMUK \u015eORT"},"content":{"rendered":"<p>5463 F\u0130T KALIP PAMUK YELEK<\/p>\n<p>9070 BERMUDA PAMUK \u015eORT<\/p>\n<p>CLASSIC VEST-HIGH WAIST CULOTTE PANTS S2-M2-L1<\/p>","protected":false},"excerpt":{"rendered":"<p>5463 F\u0130T KALIP PAMUK YELEK 9070 BERMUDA PAMUK \u015eORT S2-M2-L1<\/p>","protected":false},"featured_media":30556,"template":"","meta":[],"product_brand":[],"product_cat":[22,40],"product_tag":[],"class_list":{"0":"post-30911","1":"product","2":"type-product","3":"status-publish","4":"has-post-thumbnail","6":"product_cat-2025-ilkbahar-yaz","7":"product_cat-takim","9":"first","10":"instock","11":"taxable","12":"shipping-taxable","13":"purchasable","14":"product-type-simple"},"_links":{"self":[{"href":"https:\/\/fkpynappel.com\/en\/wp-json\/wp\/v2\/product\/30911","targetHints":{"allow":["GET"]}}],"collection":[{"href":"https:\/\/fkpynappel.com\/en\/wp-json\/wp\/v2\/product"}],"about":[{"href":"https:\/\/fkpynappel.com\/en\/wp-json\/wp\/v2\/types\/product"}],"wp:featuredmedia":[{"embeddable":true,"href":"https:\/\/fkpynappel.com\/en\/wp-json\/wp\/v2\/media\/30556"}],"wp:attachment":[{"href":"https:\/\/fkpynappel.com\/en\/wp-json\/wp\/v2\/media?parent=30911"}],"wp:term":[{"taxonomy":"product_brand","embeddable":true,"href":"https:\/\/fkpynappel.com\/en\/wp-json\/wp\/v2\/product_brand?post=30911"},{"taxonomy":"product_cat","embeddable":true,"href":"https:\/\/fkpynappel.com\/en\/wp-json\/wp\/v2\/product_cat?post=30911"},{"taxonomy":"product_tag","embeddable":true,"href":"https:\/\/fkpynappel.com\/en\/wp-json\/wp\/v2\/product_tag?post=30911"}],"curies":[{"name":"wp","href":"https:\/\/api.w.org\/{rel}","templated":true}]}}