{"id":30907,"date":"2025-07-19T13:12:11","date_gmt":"2025-07-19T13:12:11","guid":{"rendered":"https:\/\/fkpynappel.com\/?post_type=product&#038;p=30907"},"modified":"2025-10-01T05:57:52","modified_gmt":"2025-10-01T05:57:52","slug":"asimetrik-midi-etek","status":"publish","type":"product","link":"https:\/\/fkpynappel.com\/en\/product\/asimetrik-midi-etek\/","title":{"rendered":"AS\u0130METR\u0130K M\u0130D\u0130 ETEK"},"content":{"rendered":"<p>4559 AS\u0130METR\u0130K M\u0130D\u0130 ETEK<\/p>\n<p>&nbsp;<\/p>\n<p><strong>BEDEN<\/strong><\/p>\n<p>CLASSIC VEST-HIGH WAIST CULOTTE PANTS S2-M2-L1<\/p>","protected":false},"excerpt":{"rendered":"<p>LONG FLOUNCED SKIRT<\/p>","protected":false},"featured_media":30551,"template":"","meta":[],"product_brand":[],"product_cat":[22,34],"product_tag":[],"class_list":{"0":"post-30907","1":"product","2":"type-product","3":"status-publish","4":"has-post-thumbnail","6":"product_cat-2025-ilkbahar-yaz","7":"product_cat-etek","9":"first","10":"instock","11":"taxable","12":"shipping-taxable","13":"purchasable","14":"product-type-simple"},"_links":{"self":[{"href":"https:\/\/fkpynappel.com\/en\/wp-json\/wp\/v2\/product\/30907","targetHints":{"allow":["GET"]}}],"collection":[{"href":"https:\/\/fkpynappel.com\/en\/wp-json\/wp\/v2\/product"}],"about":[{"href":"https:\/\/fkpynappel.com\/en\/wp-json\/wp\/v2\/types\/product"}],"wp:featuredmedia":[{"embeddable":true,"href":"https:\/\/fkpynappel.com\/en\/wp-json\/wp\/v2\/media\/30551"}],"wp:attachment":[{"href":"https:\/\/fkpynappel.com\/en\/wp-json\/wp\/v2\/media?parent=30907"}],"wp:term":[{"taxonomy":"product_brand","embeddable":true,"href":"https:\/\/fkpynappel.com\/en\/wp-json\/wp\/v2\/product_brand?post=30907"},{"taxonomy":"product_cat","embeddable":true,"href":"https:\/\/fkpynappel.com\/en\/wp-json\/wp\/v2\/product_cat?post=30907"},{"taxonomy":"product_tag","embeddable":true,"href":"https:\/\/fkpynappel.com\/en\/wp-json\/wp\/v2\/product_tag?post=30907"}],"curies":[{"name":"wp","href":"https:\/\/api.w.org\/{rel}","templated":true}]}}