{"id":30906,"date":"2025-07-19T13:06:38","date_gmt":"2025-07-19T13:06:38","guid":{"rendered":"https:\/\/fkpynappel.com\/?post_type=product&#038;p=30906"},"modified":"2025-10-01T05:57:59","modified_gmt":"2025-10-01T05:57:59","slug":"sirti-acik-dar-kalip-keten-yelek-cift-pileli-keten-palazzo-pantolon","status":"publish","type":"product","link":"https:\/\/fkpynappel.com\/en\/product\/sirti-acik-dar-kalip-keten-yelek-cift-pileli-keten-palazzo-pantolon\/","title":{"rendered":"SIRTI A\u00c7IK DAR KALIP KETEN YELEK-\u00c7\u0130FT P\u0130LEL\u0130 KETEN PALAZZO PANTOLON"},"content":{"rendered":"<p>5462 SIRTI A\u00c7IK DAR KALIP KETEN YELEK<\/p>\n<p>1411 \u00c7\u0130FT P\u0130LEL\u0130 KETEN PALAZZO PANTOLON<\/p>\n<p>CLASSIC VEST-HIGH WAIST CULOTTE PANTS S2-M2-L1<\/p>","protected":false},"excerpt":{"rendered":"<p>5462 SIRTI A\u00c7IK DAR KALIP KETEN YELEK 1411 \u00c7\u0130FT P\u0130LEL\u0130 KETEN PALAZZO PANTOLON S2-M2-L1<\/p>","protected":false},"featured_media":30547,"template":"","meta":[],"product_brand":[],"product_cat":[22,40],"product_tag":[],"class_list":{"0":"post-30906","1":"product","2":"type-product","3":"status-publish","4":"has-post-thumbnail","6":"product_cat-2025-ilkbahar-yaz","7":"product_cat-takim","9":"first","10":"instock","11":"taxable","12":"shipping-taxable","13":"purchasable","14":"product-type-simple"},"_links":{"self":[{"href":"https:\/\/fkpynappel.com\/en\/wp-json\/wp\/v2\/product\/30906","targetHints":{"allow":["GET"]}}],"collection":[{"href":"https:\/\/fkpynappel.com\/en\/wp-json\/wp\/v2\/product"}],"about":[{"href":"https:\/\/fkpynappel.com\/en\/wp-json\/wp\/v2\/types\/product"}],"wp:featuredmedia":[{"embeddable":true,"href":"https:\/\/fkpynappel.com\/en\/wp-json\/wp\/v2\/media\/30547"}],"wp:attachment":[{"href":"https:\/\/fkpynappel.com\/en\/wp-json\/wp\/v2\/media?parent=30906"}],"wp:term":[{"taxonomy":"product_brand","embeddable":true,"href":"https:\/\/fkpynappel.com\/en\/wp-json\/wp\/v2\/product_brand?post=30906"},{"taxonomy":"product_cat","embeddable":true,"href":"https:\/\/fkpynappel.com\/en\/wp-json\/wp\/v2\/product_cat?post=30906"},{"taxonomy":"product_tag","embeddable":true,"href":"https:\/\/fkpynappel.com\/en\/wp-json\/wp\/v2\/product_tag?post=30906"}],"curies":[{"name":"wp","href":"https:\/\/api.w.org\/{rel}","templated":true}]}}