{"id":30903,"date":"2025-07-19T12:49:10","date_gmt":"2025-07-19T12:49:10","guid":{"rendered":"https:\/\/fkpynappel.com\/?post_type=product&#038;p=30903"},"modified":"2025-10-01T05:58:23","modified_gmt":"2025-10-01T05:58:23","slug":"dekolteli-dar-uzun-elbise","status":"publish","type":"product","link":"https:\/\/fkpynappel.com\/en\/product\/dekolteli-dar-uzun-elbise\/","title":{"rendered":"DEKOLTEL\u0130 DAR UZUN ELB\u0130SE"},"content":{"rendered":"<p>12354 DEKOLTEL\u0130 DAR UZUN ELB\u0130SE<\/p>\n<p>-<\/p>","protected":false},"excerpt":{"rendered":"<p>12354 DEKOLTEL\u0130 DAR UZUN ELB\u0130SE S2-M1-L1<\/p>","protected":false},"featured_media":30541,"template":"","meta":[],"product_brand":[],"product_cat":[22,25],"product_tag":[],"class_list":{"0":"post-30903","1":"product","2":"type-product","3":"status-publish","4":"has-post-thumbnail","6":"product_cat-2025-ilkbahar-yaz","7":"product_cat-elbise","9":"first","10":"instock","11":"taxable","12":"shipping-taxable","13":"purchasable","14":"product-type-simple"},"_links":{"self":[{"href":"https:\/\/fkpynappel.com\/en\/wp-json\/wp\/v2\/product\/30903","targetHints":{"allow":["GET"]}}],"collection":[{"href":"https:\/\/fkpynappel.com\/en\/wp-json\/wp\/v2\/product"}],"about":[{"href":"https:\/\/fkpynappel.com\/en\/wp-json\/wp\/v2\/types\/product"}],"wp:featuredmedia":[{"embeddable":true,"href":"https:\/\/fkpynappel.com\/en\/wp-json\/wp\/v2\/media\/30541"}],"wp:attachment":[{"href":"https:\/\/fkpynappel.com\/en\/wp-json\/wp\/v2\/media?parent=30903"}],"wp:term":[{"taxonomy":"product_brand","embeddable":true,"href":"https:\/\/fkpynappel.com\/en\/wp-json\/wp\/v2\/product_brand?post=30903"},{"taxonomy":"product_cat","embeddable":true,"href":"https:\/\/fkpynappel.com\/en\/wp-json\/wp\/v2\/product_cat?post=30903"},{"taxonomy":"product_tag","embeddable":true,"href":"https:\/\/fkpynappel.com\/en\/wp-json\/wp\/v2\/product_tag?post=30903"}],"curies":[{"name":"wp","href":"https:\/\/api.w.org\/{rel}","templated":true}]}}