{"id":30902,"date":"2025-07-19T12:45:13","date_gmt":"2025-07-19T12:45:13","guid":{"rendered":"https:\/\/fkpynappel.com\/?post_type=product&#038;p=30902"},"modified":"2025-10-01T05:52:38","modified_gmt":"2025-10-01T05:52:38","slug":"cep-detayli-keten-gomlek-firfirli-keten-mini-etek","status":"publish","type":"product","link":"https:\/\/fkpynappel.com\/en\/product\/cep-detayli-keten-gomlek-firfirli-keten-mini-etek\/","title":{"rendered":"LINEN SHIRT WITH POCKET DETAILS - FRILLED LINEN MINI SKIRT"},"content":{"rendered":"<p>2434 CEP DETAYLI KETEN G\u00d6MLEK<\/p>\n<p>4488 FIRFIRLI KETEN M\u0130N\u0130 ETEK<\/p>\n<p>CLASSIC VEST-HIGH WAIST CULOTTE PANTS S2-M2-L1<\/p>","protected":false},"excerpt":{"rendered":"<p>2434 CEP DETAYLI KETEN G\u00d6MLEK 4488 FIRFIRLI KETEN M\u0130N\u0130 ETEK S2-M2-L1<\/p>","protected":false},"featured_media":30495,"template":"","meta":[],"product_brand":[],"product_cat":[22,40],"product_tag":[],"class_list":{"0":"post-30902","1":"product","2":"type-product","3":"status-publish","4":"has-post-thumbnail","6":"product_cat-2025-ilkbahar-yaz","7":"product_cat-takim","9":"first","10":"instock","11":"taxable","12":"shipping-taxable","13":"purchasable","14":"product-type-simple"},"_links":{"self":[{"href":"https:\/\/fkpynappel.com\/en\/wp-json\/wp\/v2\/product\/30902","targetHints":{"allow":["GET"]}}],"collection":[{"href":"https:\/\/fkpynappel.com\/en\/wp-json\/wp\/v2\/product"}],"about":[{"href":"https:\/\/fkpynappel.com\/en\/wp-json\/wp\/v2\/types\/product"}],"wp:featuredmedia":[{"embeddable":true,"href":"https:\/\/fkpynappel.com\/en\/wp-json\/wp\/v2\/media\/30495"}],"wp:attachment":[{"href":"https:\/\/fkpynappel.com\/en\/wp-json\/wp\/v2\/media?parent=30902"}],"wp:term":[{"taxonomy":"product_brand","embeddable":true,"href":"https:\/\/fkpynappel.com\/en\/wp-json\/wp\/v2\/product_brand?post=30902"},{"taxonomy":"product_cat","embeddable":true,"href":"https:\/\/fkpynappel.com\/en\/wp-json\/wp\/v2\/product_cat?post=30902"},{"taxonomy":"product_tag","embeddable":true,"href":"https:\/\/fkpynappel.com\/en\/wp-json\/wp\/v2\/product_tag?post=30902"}],"curies":[{"name":"wp","href":"https:\/\/api.w.org\/{rel}","templated":true}]}}