{"id":30897,"date":"2025-07-19T11:59:10","date_gmt":"2025-07-19T11:59:10","guid":{"rendered":"https:\/\/fkpynappel.com\/?post_type=product&#038;p=30897"},"modified":"2025-10-01T05:53:50","modified_gmt":"2025-10-01T05:53:50","slug":"boyundan-baglamali-sirti-acik-yelek-beli-lastikli-palazzo-pantolon","status":"publish","type":"product","link":"https:\/\/fkpynappel.com\/en\/product\/boyundan-baglamali-sirti-acik-yelek-beli-lastikli-palazzo-pantolon\/","title":{"rendered":"BOYUNDAN BA\u011eLAMALI SIRTI A\u00c7IK YELEK-BEL\u0130 LAST\u0130KL\u0130 PALAZZO PANTOLON"},"content":{"rendered":"<p>3282 BOYUNDAN BA\u011eLAMALI SIRTI A\u00c7IK YELEK<\/p>\n<p>1412 BEL\u0130 LAST\u0130KL\u0130 PALAZZO PANTOLON<\/p>\n<p>&nbsp;<\/p>\n<p>CLASSIC VEST-HIGH WAIST CULOTTE PANTS S2-M2-L1<\/p>","protected":false},"excerpt":{"rendered":"<p>3282 BOYUNDAN BA\u011eLAMALI SIRTI A\u00c7IK YELEK 1412 BEL\u0130 LAST\u0130KL\u0130 PALAZZO PANTOLON &nbsp; S2-M2-L1<\/p>","protected":false},"featured_media":30601,"template":"","meta":[],"product_brand":[],"product_cat":[22,40],"product_tag":[],"class_list":{"0":"post-30897","1":"product","2":"type-product","3":"status-publish","4":"has-post-thumbnail","6":"product_cat-2025-ilkbahar-yaz","7":"product_cat-takim","9":"first","10":"instock","11":"taxable","12":"shipping-taxable","13":"purchasable","14":"product-type-simple"},"_links":{"self":[{"href":"https:\/\/fkpynappel.com\/en\/wp-json\/wp\/v2\/product\/30897","targetHints":{"allow":["GET"]}}],"collection":[{"href":"https:\/\/fkpynappel.com\/en\/wp-json\/wp\/v2\/product"}],"about":[{"href":"https:\/\/fkpynappel.com\/en\/wp-json\/wp\/v2\/types\/product"}],"wp:featuredmedia":[{"embeddable":true,"href":"https:\/\/fkpynappel.com\/en\/wp-json\/wp\/v2\/media\/30601"}],"wp:attachment":[{"href":"https:\/\/fkpynappel.com\/en\/wp-json\/wp\/v2\/media?parent=30897"}],"wp:term":[{"taxonomy":"product_brand","embeddable":true,"href":"https:\/\/fkpynappel.com\/en\/wp-json\/wp\/v2\/product_brand?post=30897"},{"taxonomy":"product_cat","embeddable":true,"href":"https:\/\/fkpynappel.com\/en\/wp-json\/wp\/v2\/product_cat?post=30897"},{"taxonomy":"product_tag","embeddable":true,"href":"https:\/\/fkpynappel.com\/en\/wp-json\/wp\/v2\/product_tag?post=30897"}],"curies":[{"name":"wp","href":"https:\/\/api.w.org\/{rel}","templated":true}]}}