{"id":30896,"date":"2025-07-19T11:53:20","date_gmt":"2025-07-19T11:53:20","guid":{"rendered":"https:\/\/fkpynappel.com\/?post_type=product&#038;p=30896"},"modified":"2026-03-04T08:12:08","modified_gmt":"2026-03-04T08:12:08","slug":"bagcik-detayli-keten-kruvaze-yelek-dokumlu-pileli-keten-palazzo-pantolon","status":"publish","type":"product","link":"https:\/\/fkpynappel.com\/en\/product\/bagcik-detayli-keten-kruvaze-yelek-dokumlu-pileli-keten-palazzo-pantolon\/","title":{"rendered":"BA\u011eCIK DETAYLI KETEN KRUVAZE YELEK-D\u00d6K\u00dcML\u00dc P\u0130LEL\u0130 KETEN PALAZZO PANTOLON"},"content":{"rendered":"<p>5461 BA\u011eCIK DETAYLI KETEN KRUVAZE YELEK<\/p>\n<p>1408 D\u00d6K\u00dcML\u00dc P\u0130LEL\u0130 KETEN PALAZZO PANTOLON<\/p>\n<p>&nbsp;<\/p>\n<p>CLASSIC VEST-HIGH WAIST CULOTTE PANTS S2-M2-L1<\/p>","protected":false},"excerpt":{"rendered":"<p>5461 BA\u011eCIK DETAYLI KETEN KRUVAZE YELEK 1408 D\u00d6K\u00dcML\u00dc P\u0130LEL\u0130 KETEN PALAZZO PANTOLON &nbsp; S2-M2-L1<\/p>","protected":false},"featured_media":30357,"template":"","meta":[],"product_brand":[],"product_cat":[22,40],"product_tag":[],"class_list":{"0":"post-30896","1":"product","2":"type-product","3":"status-publish","4":"has-post-thumbnail","6":"product_cat-2025-ilkbahar-yaz","7":"product_cat-takim","9":"first","10":"instock","11":"taxable","12":"shipping-taxable","13":"purchasable","14":"product-type-simple"},"_links":{"self":[{"href":"https:\/\/fkpynappel.com\/en\/wp-json\/wp\/v2\/product\/30896","targetHints":{"allow":["GET"]}}],"collection":[{"href":"https:\/\/fkpynappel.com\/en\/wp-json\/wp\/v2\/product"}],"about":[{"href":"https:\/\/fkpynappel.com\/en\/wp-json\/wp\/v2\/types\/product"}],"wp:featuredmedia":[{"embeddable":true,"href":"https:\/\/fkpynappel.com\/en\/wp-json\/wp\/v2\/media\/30357"}],"wp:attachment":[{"href":"https:\/\/fkpynappel.com\/en\/wp-json\/wp\/v2\/media?parent=30896"}],"wp:term":[{"taxonomy":"product_brand","embeddable":true,"href":"https:\/\/fkpynappel.com\/en\/wp-json\/wp\/v2\/product_brand?post=30896"},{"taxonomy":"product_cat","embeddable":true,"href":"https:\/\/fkpynappel.com\/en\/wp-json\/wp\/v2\/product_cat?post=30896"},{"taxonomy":"product_tag","embeddable":true,"href":"https:\/\/fkpynappel.com\/en\/wp-json\/wp\/v2\/product_tag?post=30896"}],"curies":[{"name":"wp","href":"https:\/\/api.w.org\/{rel}","templated":true}]}}