{"id":30895,"date":"2025-07-19T11:42:30","date_gmt":"2025-07-19T11:42:30","guid":{"rendered":"https:\/\/fkpynappel.com\/?post_type=product&#038;p=30895"},"modified":"2025-10-01T05:54:25","modified_gmt":"2025-10-01T05:54:25","slug":"keten-safari-gomlek-keten-duz-kesim-pantolon","status":"publish","type":"product","link":"https:\/\/fkpynappel.com\/en\/product\/keten-safari-gomlek-keten-duz-kesim-pantolon\/","title":{"rendered":"KETEN SAFAR\u0130 G\u00d6MLEK-KETEN D\u00dcZ KES\u0130M PANTOLON"},"content":{"rendered":"<p>2450 KETEN SAFAR\u0130 G\u00d6MLEK<\/p>\n<p>1410 KETEN D\u00dcZ KES\u0130M PANTOLON<\/p>\n<p>&nbsp;<\/p>\n<p>CLASSIC VEST-HIGH WAIST CULOTTE PANTS S2-M2-L1<\/p>","protected":false},"excerpt":{"rendered":"<p>2450 KETEN SAFAR\u0130 G\u00d6MLEK 1410 KETEN D\u00dcZ KES\u0130M PANTOLON &nbsp; S2-M2-L1<\/p>","protected":false},"featured_media":30352,"template":"","meta":[],"product_brand":[],"product_cat":[22,40],"product_tag":[],"class_list":{"0":"post-30895","1":"product","2":"type-product","3":"status-publish","4":"has-post-thumbnail","6":"product_cat-2025-ilkbahar-yaz","7":"product_cat-takim","9":"first","10":"instock","11":"taxable","12":"shipping-taxable","13":"purchasable","14":"product-type-simple"},"_links":{"self":[{"href":"https:\/\/fkpynappel.com\/en\/wp-json\/wp\/v2\/product\/30895","targetHints":{"allow":["GET"]}}],"collection":[{"href":"https:\/\/fkpynappel.com\/en\/wp-json\/wp\/v2\/product"}],"about":[{"href":"https:\/\/fkpynappel.com\/en\/wp-json\/wp\/v2\/types\/product"}],"wp:featuredmedia":[{"embeddable":true,"href":"https:\/\/fkpynappel.com\/en\/wp-json\/wp\/v2\/media\/30352"}],"wp:attachment":[{"href":"https:\/\/fkpynappel.com\/en\/wp-json\/wp\/v2\/media?parent=30895"}],"wp:term":[{"taxonomy":"product_brand","embeddable":true,"href":"https:\/\/fkpynappel.com\/en\/wp-json\/wp\/v2\/product_brand?post=30895"},{"taxonomy":"product_cat","embeddable":true,"href":"https:\/\/fkpynappel.com\/en\/wp-json\/wp\/v2\/product_cat?post=30895"},{"taxonomy":"product_tag","embeddable":true,"href":"https:\/\/fkpynappel.com\/en\/wp-json\/wp\/v2\/product_tag?post=30895"}],"curies":[{"name":"wp","href":"https:\/\/api.w.org\/{rel}","templated":true}]}}