{"id":30891,"date":"2025-07-19T11:12:22","date_gmt":"2025-07-19T11:12:22","guid":{"rendered":"https:\/\/fkpynappel.com\/?post_type=product&#038;p=30891"},"modified":"2025-10-01T05:54:58","modified_gmt":"2025-10-01T05:54:58","slug":"gold-aksesuar-detayli-bustiyer-genis-paca-desenli-pantolon","status":"publish","type":"product","link":"https:\/\/fkpynappel.com\/en\/product\/gold-aksesuar-detayli-bustiyer-genis-paca-desenli-pantolon\/","title":{"rendered":"GOLD AKSESUAR DETAYLI B\u00dcST\u0130YER-GEN\u0130\u015e PA\u00c7A DESENL\u0130 PANTOLON"},"content":{"rendered":"<p>3286 GOLD AKSESUAR DETAYLI B\u00dcST\u0130YER<\/p>\n<p>1414 GEN\u0130\u015e PA\u00c7A DESENL\u0130 PANTOLON<\/p>\n<p>CLASSIC VEST-HIGH WAIST CULOTTE PANTS S2-M2-L1<\/p>","protected":false},"excerpt":{"rendered":"<p>3286 GOLD AKSESUAR DETAYLI B\u00dcST\u0130YER 1414 GEN\u0130\u015e PA\u00c7A DESENL\u0130 PANTOLON S2-M2-L1<\/p>","protected":false},"featured_media":30561,"template":"","meta":[],"product_brand":[],"product_cat":[22,40],"product_tag":[],"class_list":{"0":"post-30891","1":"product","2":"type-product","3":"status-publish","4":"has-post-thumbnail","6":"product_cat-2025-ilkbahar-yaz","7":"product_cat-takim","9":"first","10":"outofstock","11":"taxable","12":"shipping-taxable","13":"purchasable","14":"product-type-simple"},"_links":{"self":[{"href":"https:\/\/fkpynappel.com\/en\/wp-json\/wp\/v2\/product\/30891","targetHints":{"allow":["GET"]}}],"collection":[{"href":"https:\/\/fkpynappel.com\/en\/wp-json\/wp\/v2\/product"}],"about":[{"href":"https:\/\/fkpynappel.com\/en\/wp-json\/wp\/v2\/types\/product"}],"wp:featuredmedia":[{"embeddable":true,"href":"https:\/\/fkpynappel.com\/en\/wp-json\/wp\/v2\/media\/30561"}],"wp:attachment":[{"href":"https:\/\/fkpynappel.com\/en\/wp-json\/wp\/v2\/media?parent=30891"}],"wp:term":[{"taxonomy":"product_brand","embeddable":true,"href":"https:\/\/fkpynappel.com\/en\/wp-json\/wp\/v2\/product_brand?post=30891"},{"taxonomy":"product_cat","embeddable":true,"href":"https:\/\/fkpynappel.com\/en\/wp-json\/wp\/v2\/product_cat?post=30891"},{"taxonomy":"product_tag","embeddable":true,"href":"https:\/\/fkpynappel.com\/en\/wp-json\/wp\/v2\/product_tag?post=30891"}],"curies":[{"name":"wp","href":"https:\/\/api.w.org\/{rel}","templated":true}]}}