{"id":29832,"date":"2025-06-23T00:49:19","date_gmt":"2025-06-23T00:49:19","guid":{"rendered":"https:\/\/fkpynappel-demo.website\/product\/2440-2818\/"},"modified":"2025-07-30T14:36:36","modified_gmt":"2025-07-30T14:36:36","slug":"2440-2818","status":"publish","type":"product","link":"https:\/\/fkpynappel.com\/en\/product\/2440-2818\/","title":{"rendered":"\u00c7\u0130ZG\u0130L\u0130 CROP G\u00d6MLEK"},"content":{"rendered":"<p>\u00c7\u0130ZG\u0130L\u0130 CROP G\u00d6MLEK<\/p>\n<p>-<\/p>","protected":false},"excerpt":{"rendered":"<p>\u00c7\u0130ZG\u0130L\u0130 CROP G\u00d6MLEK<\/p>","protected":false},"featured_media":29829,"template":"","meta":[],"product_brand":[],"product_cat":[26,32],"product_tag":[],"class_list":{"0":"post-29832","1":"product","2":"type-product","3":"status-publish","4":"has-post-thumbnail","6":"product_cat-2024-kis","7":"product_cat-gomlek","9":"first","10":"instock","11":"taxable","12":"shipping-taxable","13":"purchasable","14":"product-type-simple"},"_links":{"self":[{"href":"https:\/\/fkpynappel.com\/en\/wp-json\/wp\/v2\/product\/29832","targetHints":{"allow":["GET"]}}],"collection":[{"href":"https:\/\/fkpynappel.com\/en\/wp-json\/wp\/v2\/product"}],"about":[{"href":"https:\/\/fkpynappel.com\/en\/wp-json\/wp\/v2\/types\/product"}],"wp:featuredmedia":[{"embeddable":true,"href":"https:\/\/fkpynappel.com\/en\/wp-json\/wp\/v2\/media\/29829"}],"wp:attachment":[{"href":"https:\/\/fkpynappel.com\/en\/wp-json\/wp\/v2\/media?parent=29832"}],"wp:term":[{"taxonomy":"product_brand","embeddable":true,"href":"https:\/\/fkpynappel.com\/en\/wp-json\/wp\/v2\/product_brand?post=29832"},{"taxonomy":"product_cat","embeddable":true,"href":"https:\/\/fkpynappel.com\/en\/wp-json\/wp\/v2\/product_cat?post=29832"},{"taxonomy":"product_tag","embeddable":true,"href":"https:\/\/fkpynappel.com\/en\/wp-json\/wp\/v2\/product_tag?post=29832"}],"curies":[{"name":"wp","href":"https:\/\/api.w.org\/{rel}","templated":true}]}}