{"id":29125,"date":"2025-06-22T23:33:58","date_gmt":"2025-06-22T23:33:58","guid":{"rendered":"https:\/\/fkpynappel-demo.website\/product\/5390-1371-2716\/"},"modified":"2025-07-30T14:23:47","modified_gmt":"2025-07-30T14:23:47","slug":"5390-1371-2716","status":"publish","type":"product","link":"https:\/\/fkpynappel.com\/en\/product\/5390-1371-2716\/","title":{"rendered":"FRONT BINDING LINEN VEST-LINEN STRAIGHT CUT TROUSERS"},"content":{"rendered":"<p>\u00d6NDEN BAGLAMALI KETEN&nbsp; YELEK-KETEN D\u00dcZ KES\u0130M PANTOLON<\/p>\n<p><\/p>\n<p>&nbsp;<\/p>\n<p><b>BEDEN<\/b><\/p>\n<p>CLASSIC VEST-HIGH WAIST CULOTTE PANTS S2-M2-L1<\/p>","protected":false},"excerpt":{"rendered":"<p>FRONT BINDING LINEN VEST-LINEN STRAIGHT CUT TROUSERS<\/p>","protected":false},"featured_media":29117,"template":"","meta":[],"product_brand":[],"product_cat":[33,40],"product_tag":[],"class_list":{"0":"post-29125","1":"product","2":"type-product","3":"status-publish","4":"has-post-thumbnail","6":"product_cat-2024-yaz","7":"product_cat-takim","9":"first","10":"instock","11":"taxable","12":"shipping-taxable","13":"purchasable","14":"product-type-simple"},"_links":{"self":[{"href":"https:\/\/fkpynappel.com\/en\/wp-json\/wp\/v2\/product\/29125","targetHints":{"allow":["GET"]}}],"collection":[{"href":"https:\/\/fkpynappel.com\/en\/wp-json\/wp\/v2\/product"}],"about":[{"href":"https:\/\/fkpynappel.com\/en\/wp-json\/wp\/v2\/types\/product"}],"wp:featuredmedia":[{"embeddable":true,"href":"https:\/\/fkpynappel.com\/en\/wp-json\/wp\/v2\/media\/29117"}],"wp:attachment":[{"href":"https:\/\/fkpynappel.com\/en\/wp-json\/wp\/v2\/media?parent=29125"}],"wp:term":[{"taxonomy":"product_brand","embeddable":true,"href":"https:\/\/fkpynappel.com\/en\/wp-json\/wp\/v2\/product_brand?post=29125"},{"taxonomy":"product_cat","embeddable":true,"href":"https:\/\/fkpynappel.com\/en\/wp-json\/wp\/v2\/product_cat?post=29125"},{"taxonomy":"product_tag","embeddable":true,"href":"https:\/\/fkpynappel.com\/en\/wp-json\/wp\/v2\/product_tag?post=29125"}],"curies":[{"name":"wp","href":"https:\/\/api.w.org\/{rel}","templated":true}]}}