{"id":28871,"date":"2025-06-22T23:03:52","date_gmt":"2025-06-22T23:03:52","guid":{"rendered":"https:\/\/fkpynappel-demo.website\/product\/12288-2679\/"},"modified":"2025-08-16T09:03:59","modified_gmt":"2025-08-16T09:03:59","slug":"12288-2679","status":"publish","type":"product","link":"https:\/\/fkpynappel.com\/en\/product\/12288-2679\/","title":{"rendered":"Ruffle MIDI DRESS"},"content":{"rendered":"<p><b>12288-FIRFIRLI M\u0130D\u0130 ELB\u0130SE<\/b><\/p>\n<p><b>-<\/b><\/p>","protected":false},"excerpt":{"rendered":"<p>Ruffle MIDI DRESS<\/p>","protected":false},"featured_media":28861,"template":"","meta":[],"product_brand":[],"product_cat":[33,25],"product_tag":[],"class_list":{"0":"post-28871","1":"product","2":"type-product","3":"status-publish","4":"has-post-thumbnail","6":"product_cat-2024-yaz","7":"product_cat-elbise","9":"first","10":"instock","11":"taxable","12":"shipping-taxable","13":"purchasable","14":"product-type-simple"},"_links":{"self":[{"href":"https:\/\/fkpynappel.com\/en\/wp-json\/wp\/v2\/product\/28871","targetHints":{"allow":["GET"]}}],"collection":[{"href":"https:\/\/fkpynappel.com\/en\/wp-json\/wp\/v2\/product"}],"about":[{"href":"https:\/\/fkpynappel.com\/en\/wp-json\/wp\/v2\/types\/product"}],"wp:featuredmedia":[{"embeddable":true,"href":"https:\/\/fkpynappel.com\/en\/wp-json\/wp\/v2\/media\/28861"}],"wp:attachment":[{"href":"https:\/\/fkpynappel.com\/en\/wp-json\/wp\/v2\/media?parent=28871"}],"wp:term":[{"taxonomy":"product_brand","embeddable":true,"href":"https:\/\/fkpynappel.com\/en\/wp-json\/wp\/v2\/product_brand?post=28871"},{"taxonomy":"product_cat","embeddable":true,"href":"https:\/\/fkpynappel.com\/en\/wp-json\/wp\/v2\/product_cat?post=28871"},{"taxonomy":"product_tag","embeddable":true,"href":"https:\/\/fkpynappel.com\/en\/wp-json\/wp\/v2\/product_tag?post=28871"}],"curies":[{"name":"wp","href":"https:\/\/api.w.org\/{rel}","templated":true}]}}