{"id":28860,"date":"2025-06-22T23:02:16","date_gmt":"2025-06-22T23:02:16","guid":{"rendered":"https:\/\/fkpynappel-demo.website\/product\/12287-2678\/"},"modified":"2025-07-30T14:19:47","modified_gmt":"2025-07-30T14:19:47","slug":"12287-2678","status":"publish","type":"product","link":"https:\/\/fkpynappel.com\/en\/product\/12287-2678\/","title":{"rendered":"P\u00d6T\u0130KAREL\u0130 M\u0130N\u0130 ELB\u0130SE"},"content":{"rendered":"<p><b>P\u00d6T\u0130KAREL\u0130 M\u0130N\u0130 ELB\u0130SE<\/b><\/p>\n<p><b>-<\/b><\/p>","protected":false},"excerpt":{"rendered":"<p>P\u00d6T\u0130KAREL\u0130 M\u0130N\u0130 ELB\u0130SE<\/p>","protected":false},"featured_media":28851,"template":"","meta":[],"product_brand":[],"product_cat":[33,25],"product_tag":[],"class_list":{"0":"post-28860","1":"product","2":"type-product","3":"status-publish","4":"has-post-thumbnail","6":"product_cat-2024-yaz","7":"product_cat-elbise","9":"first","10":"instock","11":"taxable","12":"shipping-taxable","13":"purchasable","14":"product-type-simple"},"_links":{"self":[{"href":"https:\/\/fkpynappel.com\/en\/wp-json\/wp\/v2\/product\/28860","targetHints":{"allow":["GET"]}}],"collection":[{"href":"https:\/\/fkpynappel.com\/en\/wp-json\/wp\/v2\/product"}],"about":[{"href":"https:\/\/fkpynappel.com\/en\/wp-json\/wp\/v2\/types\/product"}],"wp:featuredmedia":[{"embeddable":true,"href":"https:\/\/fkpynappel.com\/en\/wp-json\/wp\/v2\/media\/28851"}],"wp:attachment":[{"href":"https:\/\/fkpynappel.com\/en\/wp-json\/wp\/v2\/media?parent=28860"}],"wp:term":[{"taxonomy":"product_brand","embeddable":true,"href":"https:\/\/fkpynappel.com\/en\/wp-json\/wp\/v2\/product_brand?post=28860"},{"taxonomy":"product_cat","embeddable":true,"href":"https:\/\/fkpynappel.com\/en\/wp-json\/wp\/v2\/product_cat?post=28860"},{"taxonomy":"product_tag","embeddable":true,"href":"https:\/\/fkpynappel.com\/en\/wp-json\/wp\/v2\/product_tag?post=28860"}],"curies":[{"name":"wp","href":"https:\/\/api.w.org\/{rel}","templated":true}]}}