{"id":28718,"date":"2025-06-22T22:44:01","date_gmt":"2025-06-22T22:44:01","guid":{"rendered":"https:\/\/fkpynappel-demo.website\/product\/2422-4469-2658\/"},"modified":"2025-08-18T09:19:36","modified_gmt":"2025-08-18T09:19:36","slug":"2422-4469-2658","status":"publish","type":"product","link":"https:\/\/fkpynappel.com\/en\/product\/2422-4469-2658\/","title":{"rendered":"CROP DESIGN SHIRT-DESIGN Ruffle MINI SKIRT"},"content":{"rendered":"<p><b>2422-4469 CROP TASARIM G\u00d6MLEK-TASARIM FIRFIRLI M\u0130N\u0130 ETEK<\/b><\/p>\n<p><b>CLASSIC VEST-HIGH WAIST CULOTTE PANTS S2-M2-L1<\/b><\/p>","protected":false},"excerpt":{"rendered":"<p>CROP DESIGN SHIRT-DESIGN Ruffle MINI SKIRT<\/p>","protected":false},"featured_media":28712,"template":"","meta":[],"product_brand":[],"product_cat":[33,34,40],"product_tag":[],"class_list":{"0":"post-28718","1":"product","2":"type-product","3":"status-publish","4":"has-post-thumbnail","6":"product_cat-2024-yaz","7":"product_cat-etek","8":"product_cat-takim","10":"first","11":"instock","12":"taxable","13":"shipping-taxable","14":"purchasable","15":"product-type-simple"},"_links":{"self":[{"href":"https:\/\/fkpynappel.com\/en\/wp-json\/wp\/v2\/product\/28718","targetHints":{"allow":["GET"]}}],"collection":[{"href":"https:\/\/fkpynappel.com\/en\/wp-json\/wp\/v2\/product"}],"about":[{"href":"https:\/\/fkpynappel.com\/en\/wp-json\/wp\/v2\/types\/product"}],"wp:featuredmedia":[{"embeddable":true,"href":"https:\/\/fkpynappel.com\/en\/wp-json\/wp\/v2\/media\/28712"}],"wp:attachment":[{"href":"https:\/\/fkpynappel.com\/en\/wp-json\/wp\/v2\/media?parent=28718"}],"wp:term":[{"taxonomy":"product_brand","embeddable":true,"href":"https:\/\/fkpynappel.com\/en\/wp-json\/wp\/v2\/product_brand?post=28718"},{"taxonomy":"product_cat","embeddable":true,"href":"https:\/\/fkpynappel.com\/en\/wp-json\/wp\/v2\/product_cat?post=28718"},{"taxonomy":"product_tag","embeddable":true,"href":"https:\/\/fkpynappel.com\/en\/wp-json\/wp\/v2\/product_tag?post=28718"}],"curies":[{"name":"wp","href":"https:\/\/api.w.org\/{rel}","templated":true}]}}