{"id":28031,"date":"2025-06-22T21:52:23","date_gmt":"2025-06-22T21:52:23","guid":{"rendered":"https:\/\/fkpynappel-demo.website\/product\/2398-4427-2534\/"},"modified":"2025-07-30T14:17:12","modified_gmt":"2025-07-30T14:17:12","slug":"2398-4427-2534","status":"publish","type":"product","link":"https:\/\/fkpynappel.com\/en\/product\/2398-4427-2534\/","title":{"rendered":"Embroidered Plaid Shirt,Plaid Pleated Mini Skirt"},"content":{"rendered":"<p>\u00d6n\u00fc d\u00fc\u011fme iliklemeli, katl\u0131 yaka oversize g\u00f6mlek.<\/p>\n<p>Ekose pileli mini etek.<\/p>\n<p>CLASSIC VEST-HIGH WAIST CULOTTE PANTS S2-M2-L1<\/p>","protected":false},"excerpt":{"rendered":"<p>Embroidered Plaid Shirt,Plaid Pleated Mini Skirt<\/p>","protected":false},"featured_media":28025,"template":"","meta":[],"product_brand":[],"product_cat":[26,34,32,40],"product_tag":[],"class_list":{"0":"post-28031","1":"product","2":"type-product","3":"status-publish","4":"has-post-thumbnail","6":"product_cat-2024-kis","7":"product_cat-etek","8":"product_cat-gomlek","9":"product_cat-takim","11":"first","12":"instock","13":"taxable","14":"shipping-taxable","15":"purchasable","16":"product-type-simple"},"_links":{"self":[{"href":"https:\/\/fkpynappel.com\/en\/wp-json\/wp\/v2\/product\/28031","targetHints":{"allow":["GET"]}}],"collection":[{"href":"https:\/\/fkpynappel.com\/en\/wp-json\/wp\/v2\/product"}],"about":[{"href":"https:\/\/fkpynappel.com\/en\/wp-json\/wp\/v2\/types\/product"}],"wp:featuredmedia":[{"embeddable":true,"href":"https:\/\/fkpynappel.com\/en\/wp-json\/wp\/v2\/media\/28025"}],"wp:attachment":[{"href":"https:\/\/fkpynappel.com\/en\/wp-json\/wp\/v2\/media?parent=28031"}],"wp:term":[{"taxonomy":"product_brand","embeddable":true,"href":"https:\/\/fkpynappel.com\/en\/wp-json\/wp\/v2\/product_brand?post=28031"},{"taxonomy":"product_cat","embeddable":true,"href":"https:\/\/fkpynappel.com\/en\/wp-json\/wp\/v2\/product_cat?post=28031"},{"taxonomy":"product_tag","embeddable":true,"href":"https:\/\/fkpynappel.com\/en\/wp-json\/wp\/v2\/product_tag?post=28031"}],"curies":[{"name":"wp","href":"https:\/\/api.w.org\/{rel}","templated":true}]}}