{"id":8,"date":"2025-04-28T22:16:34","date_gmt":"2025-04-28T22:16:34","guid":{"rendered":"https:\/\/fkpynappel-demo.website\/cart\/"},"modified":"2025-04-29T08:41:05","modified_gmt":"2025-04-29T08:41:05","slug":"cart","status":"publish","type":"page","link":"https:\/\/fkpynappel.com\/en\/cart\/","title":{"rendered":"Cart"},"content":{"rendered":"<div data-block-name=\"woocommerce\/cart\" class=\"wp-block-woocommerce-cart alignwide is-loading\">\n<div data-block-name=\"woocommerce\/filled-cart-block\" class=\"wp-block-woocommerce-filled-cart-block\">\n<div data-block-name=\"woocommerce\/cart-items-block\" class=\"wp-block-woocommerce-cart-items-block\">\n<div data-block-name=\"woocommerce\/cart-line-items-block\" class=\"wp-block-woocommerce-cart-line-items-block\"><\/div>\n\n\n\n<div data-block-name=\"woocommerce\/cart-cross-sells-block\" class=\"wp-block-woocommerce-cart-cross-sells-block\">\n<h2 class=\"wp-block-heading has-large-font-size\">You may be interested in\u2026<\/h2>\n\n\n\n<div data-block-name=\"woocommerce\/cart-cross-sells-products-block\" class=\"wp-block-woocommerce-cart-cross-sells-products-block\"><\/div>\n<\/div>\n<\/div>\n\n\n\n<div data-block-name=\"woocommerce\/cart-totals-block\" class=\"wp-block-woocommerce-cart-totals-block\">\n<div data-block-name=\"woocommerce\/cart-order-summary-block\" class=\"wp-block-woocommerce-cart-order-summary-block\">\n<div data-block-name=\"woocommerce\/cart-order-summary-heading-block\" class=\"wp-block-woocommerce-cart-order-summary-heading-block\"><\/div><div data-block-name=\"woocommerce\/cart-order-summary-coupon-form-block\" class=\"wp-block-woocommerce-cart-order-summary-coupon-form-block\"><\/div><div data-block-name=\"woocommerce\/cart-order-summary-totals-block\" class=\"wp-block-woocommerce-cart-order-summary-totals-block\">\n<div data-block-name=\"woocommerce\/cart-order-summary-subtotal-block\" class=\"wp-block-woocommerce-cart-order-summary-subtotal-block\"><\/div>\n<div data-block-name=\"woocommerce\/cart-order-summary-discount-block\" class=\"wp-block-woocommerce-cart-order-summary-discount-block\"><\/div>\n<div data-block-name=\"woocommerce\/cart-order-summary-fee-block\" class=\"wp-block-woocommerce-cart-order-summary-fee-block\"><\/div>\n<div data-block-name=\"woocommerce\/cart-order-summary-shipping-block\" class=\"wp-block-woocommerce-cart-order-summary-shipping-block\"><\/div>\n<div data-block-name=\"woocommerce\/cart-order-summary-taxes-block\" class=\"wp-block-woocommerce-cart-order-summary-taxes-block\"><\/div><\/div>\n<\/div>\n\n\n\n<div data-block-name=\"woocommerce\/cart-express-payment-block\" class=\"wp-block-woocommerce-cart-express-payment-block\"><\/div>\n\n\n\n<div data-block-name=\"woocommerce\/proceed-to-checkout-block\" class=\"wp-block-woocommerce-proceed-to-checkout-block\"><\/div>\n\n\n\n<div data-block-name=\"woocommerce\/cart-accepted-payment-methods-block\" class=\"wp-block-woocommerce-cart-accepted-payment-methods-block\"><\/div>\n<\/div>\n<\/div>\n\n\n\n<div data-block-name=\"woocommerce\/empty-cart-block\" class=\"wp-block-woocommerce-empty-cart-block\">\n<h2 class=\"wp-block-heading has-text-align-center with-empty-cart-icon wc-block-cart__empty-cart__title\">Your cart is currently empty!<\/h2>\n\n\n\n<hr class=\"wp-block-separator has-alpha-channel-opacity is-style-dots\"\/>\n\n\n\n<h2 class=\"wp-block-heading has-text-align-center\">New in store<\/h2>\n\n\n<div data-block-name=\"woocommerce\/product-new\" data-columns=\"4\" data-rows=\"1\" class=\"wc-block-grid wp-block-product-new wp-block-woocommerce-product-new wc-block-product-new has-4-columns\"><ul class=\"wc-block-grid__products\"><li class=\"wc-block-grid__product\">\n\t\t\t\t<a href=\"https:\/\/fkpynappel.com\/en\/product\/cizgili-crop-gomlek-cizgili-pileli-sort-etek\/\" class=\"wc-block-grid__product-link\">\n\t\t\t\t\t\n\t\t\t\t\t<div class=\"wc-block-grid__product-image\"><img loading=\"lazy\" decoding=\"async\" width=\"300\" height=\"300\" src=\"https:\/\/fkpynappel.com\/wp-content\/uploads\/2026\/03\/DSCF8654-300x300.jpg\" class=\"attachment-woocommerce_thumbnail size-woocommerce_thumbnail\" alt=\"\u00c7\u0130ZG\u0130L\u0130 CROP G\u00d6MLEK-\u00c7\u0130ZG\u0130L\u0130 P\u0130LEL\u0130 \u015eORT ETEK\" srcset=\"https:\/\/fkpynappel.com\/wp-content\/uploads\/2026\/03\/DSCF8654-300x300.jpg 300w, https:\/\/fkpynappel.com\/wp-content\/uploads\/2026\/03\/DSCF8654-150x150.jpg 150w, https:\/\/fkpynappel.com\/wp-content\/uploads\/2026\/03\/DSCF8654-100x100.jpg 100w\" sizes=\"auto, (max-width: 300px) 100vw, 300px\" \/><\/div>\n\t\t\t\t\t<div class=\"wc-block-grid__product-title\">\u00c7\u0130ZG\u0130L\u0130 CROP G\u00d6MLEK-\u00c7\u0130ZG\u0130L\u0130 P\u0130LEL\u0130 \u015eORT ETEK<\/div>\n\t\t\t\t<\/a>\n\t\t\t\t<div class=\"wc-block-grid__product-price price\"><\/div>\n\t\t\t\t\n\t\t\t\t<div class=\"wp-block-button wc-block-grid__product-add-to-cart\"><a href=\"https:\/\/fkpynappel.com\/en\/product\/cizgili-crop-gomlek-cizgili-pileli-sort-etek\/\" aria-label=\"Read more about \u201c\u00c7\u0130ZG\u0130L\u0130 CROP G\u00d6MLEK-\u00c7\u0130ZG\u0130L\u0130 P\u0130LEL\u0130 \u015eORT ETEK\u201d\" data-quantity=\"1\" data-product_id=\"32342\" data-product_sku=\"2470-9087\" data-price=\"0\" rel=\"nofollow\" class=\"wp-block-button__link wp-element-button add_to_cart_button\" data-no-translation=\"\" data-trp-gettext=\"\" data-no-translation-aria-label=\"\">Read more<\/a><\/div>\n\t\t\t<\/li><li class=\"wc-block-grid__product\">\n\t\t\t\t<a href=\"https:\/\/fkpynappel.com\/en\/product\/asimetrik-detayli-cizgili-yelek\/\" class=\"wc-block-grid__product-link\">\n\t\t\t\t\t\n\t\t\t\t\t<div class=\"wc-block-grid__product-image\"><img loading=\"lazy\" decoding=\"async\" width=\"300\" height=\"300\" src=\"https:\/\/fkpynappel.com\/wp-content\/uploads\/2026\/03\/DSCF8603-300x300.jpg\" class=\"attachment-woocommerce_thumbnail size-woocommerce_thumbnail\" alt=\"AS\u0130METR\u0130K DETAYLI \u00c7\u0130ZG\u0130L\u0130 YELEK\" srcset=\"https:\/\/fkpynappel.com\/wp-content\/uploads\/2026\/03\/DSCF8603-300x300.jpg 300w, https:\/\/fkpynappel.com\/wp-content\/uploads\/2026\/03\/DSCF8603-150x150.jpg 150w, https:\/\/fkpynappel.com\/wp-content\/uploads\/2026\/03\/DSCF8603-100x100.jpg 100w\" sizes=\"auto, (max-width: 300px) 100vw, 300px\" \/><\/div>\n\t\t\t\t\t<div class=\"wc-block-grid__product-title\">AS\u0130METR\u0130K DETAYLI \u00c7\u0130ZG\u0130L\u0130 YELEK<\/div>\n\t\t\t\t<\/a>\n\t\t\t\t<div class=\"wc-block-grid__product-price price\"><\/div>\n\t\t\t\t\n\t\t\t\t<div class=\"wp-block-button wc-block-grid__product-add-to-cart\"><a href=\"https:\/\/fkpynappel.com\/en\/product\/asimetrik-detayli-cizgili-yelek\/\" aria-label=\"Read more about \u201c\u00c7\u0130ZG\u0130L\u0130 CROP G\u00d6MLEK-\u00c7\u0130ZG\u0130L\u0130 P\u0130LEL\u0130 \u015eORT ETEK\u201d\" data-quantity=\"1\" data-product_id=\"32339\" data-product_sku=\"5490\" data-price=\"0\" rel=\"nofollow\" class=\"wp-block-button__link wp-element-button add_to_cart_button\" data-no-translation=\"\" data-trp-gettext=\"\" data-no-translation-aria-label=\"\">Read more<\/a><\/div>\n\t\t\t<\/li><li class=\"wc-block-grid__product\">\n\t\t\t\t<a href=\"https:\/\/fkpynappel.com\/en\/product\/tasarim-toka-detyli-ceket-tasarim-palazzo-pantolon\/\" class=\"wc-block-grid__product-link\">\n\t\t\t\t\t\n\t\t\t\t\t<div class=\"wc-block-grid__product-image\"><img loading=\"lazy\" decoding=\"async\" width=\"300\" height=\"300\" src=\"https:\/\/fkpynappel.com\/wp-content\/uploads\/2026\/03\/DSCF8576-300x300.jpg\" class=\"attachment-woocommerce_thumbnail size-woocommerce_thumbnail\" alt=\"TASARIM TOKA DETYLI CEKET-TASARIM PALAZZO PANTOLON\" srcset=\"https:\/\/fkpynappel.com\/wp-content\/uploads\/2026\/03\/DSCF8576-300x300.jpg 300w, https:\/\/fkpynappel.com\/wp-content\/uploads\/2026\/03\/DSCF8576-150x150.jpg 150w, https:\/\/fkpynappel.com\/wp-content\/uploads\/2026\/03\/DSCF8576-100x100.jpg 100w\" sizes=\"auto, (max-width: 300px) 100vw, 300px\" \/><\/div>\n\t\t\t\t\t<div class=\"wc-block-grid__product-title\">TASARIM TOKA DETYLI CEKET-TASARIM PALAZZO PANTOLON<\/div>\n\t\t\t\t<\/a>\n\t\t\t\t<div class=\"wc-block-grid__product-price price\"><span class=\"woocommerce-Price-amount amount\"><span class=\"woocommerce-Price-currencySymbol\">&#8378;<\/span>11.950,00<\/span><\/div>\n\t\t\t\t\n\t\t\t\t<div class=\"wp-block-button wc-block-grid__product-add-to-cart\"><a href=\"\/en\/wp-json\/wp\/v2\/pages\/8?add-to-cart=32333\" aria-label=\"Read more about \u201c\u00c7\u0130ZG\u0130L\u0130 CROP G\u00d6MLEK-\u00c7\u0130ZG\u0130L\u0130 P\u0130LEL\u0130 \u015eORT ETEK\u201d\" data-quantity=\"1\" data-product_id=\"32333\" data-product_sku=\"5492-1457\" data-price=\"11950\" rel=\"nofollow\" class=\"wp-block-button__link wp-element-button add_to_cart_button ajax_add_to_cart\" data-no-translation=\"\" data-trp-gettext=\"\" data-no-translation-aria-label=\"\">Add to cart<\/a><\/div>\n\t\t\t<\/li><li class=\"wc-block-grid__product\">\n\t\t\t\t<a href=\"https:\/\/fkpynappel.com\/en\/product\/tasarim-keten-ceket-elbise\/\" class=\"wc-block-grid__product-link\">\n\t\t\t\t\t\n\t\t\t\t\t<div class=\"wc-block-grid__product-image\"><img loading=\"lazy\" decoding=\"async\" width=\"300\" height=\"300\" src=\"https:\/\/fkpynappel.com\/wp-content\/uploads\/2026\/03\/DSCF8480-300x300.jpg\" class=\"attachment-woocommerce_thumbnail size-woocommerce_thumbnail\" alt=\"TASARIM KETEN CEKET ELB\u0130SE\" srcset=\"https:\/\/fkpynappel.com\/wp-content\/uploads\/2026\/03\/DSCF8480-300x300.jpg 300w, https:\/\/fkpynappel.com\/wp-content\/uploads\/2026\/03\/DSCF8480-150x150.jpg 150w, https:\/\/fkpynappel.com\/wp-content\/uploads\/2026\/03\/DSCF8480-100x100.jpg 100w\" sizes=\"auto, (max-width: 300px) 100vw, 300px\" \/><\/div>\n\t\t\t\t\t<div class=\"wc-block-grid__product-title\">TASARIM KETEN CEKET ELB\u0130SE<\/div>\n\t\t\t\t<\/a>\n\t\t\t\t<div class=\"wc-block-grid__product-price price\"><span class=\"woocommerce-Price-amount amount\"><span class=\"woocommerce-Price-currencySymbol\">&#8378;<\/span>6.820,00<\/span><\/div>\n\t\t\t\t\n\t\t\t\t<div class=\"wp-block-button wc-block-grid__product-add-to-cart\"><a href=\"\/en\/wp-json\/wp\/v2\/pages\/8?add-to-cart=32327\" aria-label=\"Read more about \u201c\u00c7\u0130ZG\u0130L\u0130 CROP G\u00d6MLEK-\u00c7\u0130ZG\u0130L\u0130 P\u0130LEL\u0130 \u015eORT ETEK\u201d\" data-quantity=\"1\" data-product_id=\"32327\" data-product_sku=\"12421\" data-price=\"6820\" rel=\"nofollow\" class=\"wp-block-button__link wp-element-button add_to_cart_button ajax_add_to_cart\" data-no-translation=\"\" data-trp-gettext=\"\" data-no-translation-aria-label=\"\">Add to cart<\/a><\/div>\n\t\t\t<\/li><\/ul><\/div><\/div>\n<\/div>","protected":false},"excerpt":{"rendered":"","protected":false},"author":1,"featured_media":0,"parent":0,"menu_order":0,"comment_status":"closed","ping_status":"closed","template":"","meta":{"footnotes":""},"class_list":["post-8","page","type-page","status-publish","hentry"],"_links":{"self":[{"href":"https:\/\/fkpynappel.com\/en\/wp-json\/wp\/v2\/pages\/8","targetHints":{"allow":["GET"]}}],"collection":[{"href":"https:\/\/fkpynappel.com\/en\/wp-json\/wp\/v2\/pages"}],"about":[{"href":"https:\/\/fkpynappel.com\/en\/wp-json\/wp\/v2\/types\/page"}],"author":[{"embeddable":true,"href":"https:\/\/fkpynappel.com\/en\/wp-json\/wp\/v2\/users\/1"}],"replies":[{"embeddable":true,"href":"https:\/\/fkpynappel.com\/en\/wp-json\/wp\/v2\/comments?post=8"}],"version-history":[{"count":1,"href":"https:\/\/fkpynappel.com\/en\/wp-json\/wp\/v2\/pages\/8\/revisions"}],"predecessor-version":[{"id":12,"href":"https:\/\/fkpynappel.com\/en\/wp-json\/wp\/v2\/pages\/8\/revisions\/12"}],"wp:attachment":[{"href":"https:\/\/fkpynappel.com\/en\/wp-json\/wp\/v2\/media?parent=8"}],"curies":[{"name":"wp","href":"https:\/\/api.w.org\/{rel}","templated":true}]}}