{"id":128,"date":"2025-04-30T10:18:36","date_gmt":"2025-04-30T10:18:36","guid":{"rendered":"https:\/\/fkpynappel-demo.website\/?page_id=128"},"modified":"2025-09-10T17:16:38","modified_gmt":"2025-09-10T17:16:38","slug":"about-fyk","status":"publish","type":"page","link":"https:\/\/fkpynappel.com\/en\/about-fyk\/","title":{"rendered":"FK.P Hakk\u0131nda"},"content":{"rendered":"<p>Fk.Pynappel, 2015 y\u0131l\u0131nda kurulan bir kad\u0131n giyim markas\u0131d\u0131r. \u015e\u0131k ve zarif, ayn\u0131 zamanda konfor ve detaylara \u00f6zen g\u00f6sterilerek tasarlanan her par\u00e7a, her kad\u0131n\u0131n bireyselli\u011fini her g\u00fcn zahmetsizce ifade etmesine yard\u0131mc\u0131 olmak i\u00e7in tasarlanm\u0131\u015ft\u0131r. Her kad\u0131n\u0131n benzersiz ve zamans\u0131z par\u00e7alara sahip olmay\u0131 hayal etti\u011fine inan\u0131yoruz ve her bir giysiyi bu vizyonu g\u00f6z \u00f6n\u00fcnde bulundurarak tasarl\u0131yoruz. Fk.Pynappel&#8217;\u0131 sevece\u011finizi d\u00fc\u015f\u00fcn\u00fcyoruz.<\/p>\n\n\n\n<p>\u00dcr\u00fcnlerimizin tamam\u0131 %100 yerli \u00fcretim olup, kendi at\u00f6lyemizde, kendi kuma\u015flar\u0131m\u0131z ve yerli aksesuarlar\u0131m\u0131z ile \u00fcretilmektedir. Fiyat politikam\u0131z, t\u00fcm \u00fcretim s\u00fcrecinin verdi\u011fi ba\u011fl\u0131l\u0131kla d\u00fcr\u00fcst ve \u015feffaft\u0131r. Aram\u0131zda hi\u00e7bir arac\u0131 kurum yoktur ve kar\u015f\u0131l\u0131kl\u0131 g\u00fcven ad\u0131na kap\u0131m\u0131z sonuna kadar a\u00e7\u0131kt\u0131r.<\/p>\n\n\n\n<p>Fk.Pynappel olarak t\u00fcm \u00fcretimlerimiz, insan sa\u011fl\u0131\u011f\u0131n\u0131 \u00f6nemseyen \u00e7evre politikalar\u0131m\u0131zla geli\u015ftirilmektedir. Hem insana, hem \u00e7evreye ve do\u011faya sayg\u0131l\u0131y\u0131z. Ayr\u0131ca \u00fcr\u00fcnlerimizi \u00fcretirken, kusursuz diki\u015f, benzersiz kalite, titizlik ve sayg\u0131nl\u0131k ilkelerine ba\u011fl\u0131 kalarak, yenilik\u00e7i, k\u00fcresel ve modern modaya hakim, y\u00fcksek kaliteli kuma\u015flar kullan\u0131yoruz. <\/p>\n\n\n\n<p>Fk.Pynappel bug\u00fcn d\u00fcnyan\u0131n bir\u00e7ok \u00fclkesinde vitrinleri s\u00fcsl\u00fcyor ve \u00fclkemizin en h\u0131zl\u0131 b\u00fcy\u00fcyen yerli ve yenilik\u00e7i markalar\u0131ndan biri. En b\u00fcy\u00fck hedefiniz m\u00fc\u015fterilerinize kalite ve modada unutulmaz bir deneyim ya\u015fatmak ve en prestijli kad\u0131n haz\u0131r giyim markalar\u0131 aras\u0131nda yer almaksa, Merter&#8217;deki Pynappel ma\u011fazas\u0131n\u0131 ziyaret edebilir ve ileti\u015fim kanallar\u0131m\u0131zdan destek alabilirsiniz.<\/p>\n\n\n\n<p><\/p>","protected":false},"excerpt":{"rendered":"<p>Fk.Pynappel, 2015 y\u0131l\u0131nda kurulan bir kad\u0131n giyim markas\u0131d\u0131r. \u015e\u0131k ve zarif, ayn\u0131 zamanda konfor ve detaylara \u00f6zen g\u00f6sterilerek tasarlanan her par\u00e7a, her kad\u0131n\u0131n bireyselli\u011fini her g\u00fcn zahmetsizce ifade etmesine yard\u0131mc\u0131 olmak i\u00e7in tasarlanm\u0131\u015ft\u0131r. Her kad\u0131n\u0131n benzersiz ve zamans\u0131z par\u00e7alara sahip olmay\u0131 hayal etti\u011fine inan\u0131yoruz ve her bir giysiyi bu vizyonu g\u00f6z \u00f6n\u00fcnde bulundurarak tasarl\u0131yoruz. Fk.Pynappel&#8217;\u0131 [&hellip;]<\/p>\n","protected":false},"author":1,"featured_media":0,"parent":0,"menu_order":0,"comment_status":"closed","ping_status":"closed","template":"about","meta":{"footnotes":""},"class_list":["post-128","page","type-page","status-publish","hentry"],"_links":{"self":[{"href":"https:\/\/fkpynappel.com\/en\/wp-json\/wp\/v2\/pages\/128","targetHints":{"allow":["GET"]}}],"collection":[{"href":"https:\/\/fkpynappel.com\/en\/wp-json\/wp\/v2\/pages"}],"about":[{"href":"https:\/\/fkpynappel.com\/en\/wp-json\/wp\/v2\/types\/page"}],"author":[{"embeddable":true,"href":"https:\/\/fkpynappel.com\/en\/wp-json\/wp\/v2\/users\/1"}],"replies":[{"embeddable":true,"href":"https:\/\/fkpynappel.com\/en\/wp-json\/wp\/v2\/comments?post=128"}],"version-history":[{"count":3,"href":"https:\/\/fkpynappel.com\/en\/wp-json\/wp\/v2\/pages\/128\/revisions"}],"predecessor-version":[{"id":31333,"href":"https:\/\/fkpynappel.com\/en\/wp-json\/wp\/v2\/pages\/128\/revisions\/31333"}],"wp:attachment":[{"href":"https:\/\/fkpynappel.com\/en\/wp-json\/wp\/v2\/media?parent=128"}],"curies":[{"name":"wp","href":"https:\/\/api.w.org\/{rel}","templated":true}]}}